{"id":29368,"date":"2019-10-21T15:42:28","date_gmt":"2019-10-21T14:42:28","guid":{"rendered":"https:\/\/pikasworld.ch\/product\/cupcake-deko-set-pirates-party\/"},"modified":"2024-11-08T14:02:02","modified_gmt":"2024-11-08T13:02:02","slug":"cupcake-deko-set-pirates-party","status":"publish","type":"product","link":"https:\/\/camaleoparty.ch\/de\/produkt\/cupcake-deko-set-pirates-party\/","title":{"rendered":"Cupcake-Deko-Set Pirates Party"},"content":{"rendered":"<p>Tolles Cupcake-Deko-Set im Piratenlook f\u00fcr den Kindergeburtstag! Verzieren Sie Ihre Muffins oder andere kleine s\u00fc\u00dfe Backwaren mit diesen originellen Pieksern und Piratenmotiven, und setzen Sie Ihre Leckereien richtig cool in Szene!<\/p>\n<p>Im Set finden Sie 6 lange Holzpiekser mit roten F\u00e4hnchen und 6 schwarze Papier-Segel, die einseitig mit einem wei\u00dfen Totenkopf versehen sind. In den Segeln sind jeweils 2 vorgefertigte L\u00f6cher, durch die Sie dann den Holzstab stecken k\u00f6nnen, um die gew\u00fcnschte Segelboot-Optik zu erzeugen. Au\u00dferdem liegen noch 6 braunschwarz-gestreifte Cupcake-Wrapper aus festem Kraftpapier bei, die mit einem Schlitz versehen sind. So k\u00f6nnen Sie Ihre Muffins toll ummanteln und aus einfachen Cupcakes werden coole Piratenschiffe!<\/p>\n<p>L\u00e4nge der Holzpiekser: ca. 20 cm<\/p>\n<p>Ma\u00dfe der Wrapper: ca. 21,5 x 5 cm<\/p>\n<p>Inhalt: 6 Holzpiekser, 6 Segel, 6 Wrapper<\/p>\n","protected":false},"excerpt":{"rendered":"<p>Tolles Cupcake-Deko-Set im Piratenlook f\u00fcr den Kindergeburtstag! Verzieren Sie Ihre Muffins oder andere kleine s\u00fc\u00dfe Backwaren mit diesen originellen Pieksern und Piratenmotiven, und setzen Sie Ihre Leckereien richtig cool in Szene!<\/p>\n","protected":false},"featured_media":29366,"comment_status":"open","ping_status":"closed","template":"","meta":[],"product_cat":[151,330,327,225],"product_tag":[],"class_list":{"0":"post-29368","1":"product","2":"type-product","3":"status-publish","4":"has-post-thumbnail","6":"product_brand-partydeco-de","7":"product_cat-cake-toppers-de","8":"product_cat-cupcakes-de","9":"product_cat-kochen","10":"product_cat-piraten","12":"first","13":"instock","14":"taxable","15":"shipping-taxable","16":"purchasable","17":"product-type-simple"},"_links":{"self":[{"href":"https:\/\/camaleoparty.ch\/de\/wp-json\/wp\/v2\/product\/29368","targetHints":{"allow":["GET"]}}],"collection":[{"href":"https:\/\/camaleoparty.ch\/de\/wp-json\/wp\/v2\/product"}],"about":[{"href":"https:\/\/camaleoparty.ch\/de\/wp-json\/wp\/v2\/types\/product"}],"replies":[{"embeddable":true,"href":"https:\/\/camaleoparty.ch\/de\/wp-json\/wp\/v2\/comments?post=29368"}],"wp:featuredmedia":[{"embeddable":true,"href":"https:\/\/camaleoparty.ch\/de\/wp-json\/wp\/v2\/media\/29366"}],"wp:attachment":[{"href":"https:\/\/camaleoparty.ch\/de\/wp-json\/wp\/v2\/media?parent=29368"}],"wp:term":[{"taxonomy":"product_cat","embeddable":true,"href":"https:\/\/camaleoparty.ch\/de\/wp-json\/wp\/v2\/product_cat?post=29368"},{"taxonomy":"product_tag","embeddable":true,"href":"https:\/\/camaleoparty.ch\/de\/wp-json\/wp\/v2\/product_tag?post=29368"}],"curies":[{"name":"wp","href":"https:\/\/api.w.org\/{rel}","templated":true}]}}