{"id":29362,"date":"2019-10-21T15:21:39","date_gmt":"2019-10-21T14:21:39","guid":{"rendered":"https:\/\/pikasworld.ch\/product\/pappbecher-pirates-party\/"},"modified":"2024-11-08T14:02:03","modified_gmt":"2024-11-08T13:02:03","slug":"pappbecher-pirates-party","status":"publish","type":"product","link":"https:\/\/camaleoparty.ch\/de\/produkt\/pappbecher-pirates-party\/","title":{"rendered":"Pappbecher Pirates Party"},"content":{"rendered":"<p>Coole Piratenbecher d\u00fcrfen beim Piraten-Kindergeburtstag nat\u00fcrlich nicht fehlen! Erg\u00e4nzen Sie die Tischdeko mit dem r\u00e4uberischen Totenkopfmotiv.<\/p>\n<p>Die roten Pappbecher sind mit einem wei\u00dfen Totenkopf sowie dem wei\u00dfen Schriftzug &#8222;Arr!&#8220; verziert und f\u00fcgen sich super in die restliche Piraten-Deko ein. Die kleinen Jungs werden sich wie echte Seer\u00e4uber f\u00fchlen und ihre leckeren Getr\u00e4nke aus diesen Bechern genie\u00dfen.<\/p>\n<p>Nur f\u00fcr kalte Getr\u00e4nke geeignet.<\/p>\n<p>F\u00fcllmenge: 220 ml<\/p>\n<p>Inhalt: 6 St\u00fcck<\/p>\n","protected":false},"excerpt":{"rendered":"<p>Coole Piratenbecher d\u00fcrfen beim Piraten-Kindergeburtstag nat\u00fcrlich nicht fehlen! Erg\u00e4nzen Sie die Tischdeko mit dem r\u00e4uberischen Totenkopfmotiv.<\/p>\n<p>Die roten Pappbecher sind mit einem wei\u00dfen Totenkopf sowie dem wei\u00dfen Schriftzug &#8222;Arr!&#8220; verziert und f\u00fcgen sich super in die restliche Piraten-Deko ein. Die kleinen Jungs werden sich wie echte Seer\u00e4uber f\u00fchlen und ihre leckeren Getr\u00e4nke aus diesen Bechern genie\u00dfen.<\/p>\n<p>Nur f\u00fcr kalte Getr\u00e4nke geeignet.<\/p>\n<p>F\u00fcllmenge: 220 ml<\/p>\n<p>Inhalt: 6 St\u00fcck<\/p>\n","protected":false},"featured_media":29360,"comment_status":"open","ping_status":"closed","template":"","meta":[],"product_cat":[157,225,147],"product_tag":[],"class_list":{"0":"post-29362","1":"product","2":"type-product","3":"status-publish","4":"has-post-thumbnail","6":"product_brand-partydeco-de","7":"product_cat-becher","8":"product_cat-piraten","9":"product_cat-verjaardags-en-feesttafelversieringen","11":"first","12":"instock","13":"taxable","14":"shipping-taxable","15":"purchasable","16":"product-type-simple"},"_links":{"self":[{"href":"https:\/\/camaleoparty.ch\/de\/wp-json\/wp\/v2\/product\/29362","targetHints":{"allow":["GET"]}}],"collection":[{"href":"https:\/\/camaleoparty.ch\/de\/wp-json\/wp\/v2\/product"}],"about":[{"href":"https:\/\/camaleoparty.ch\/de\/wp-json\/wp\/v2\/types\/product"}],"replies":[{"embeddable":true,"href":"https:\/\/camaleoparty.ch\/de\/wp-json\/wp\/v2\/comments?post=29362"}],"wp:featuredmedia":[{"embeddable":true,"href":"https:\/\/camaleoparty.ch\/de\/wp-json\/wp\/v2\/media\/29360"}],"wp:attachment":[{"href":"https:\/\/camaleoparty.ch\/de\/wp-json\/wp\/v2\/media?parent=29362"}],"wp:term":[{"taxonomy":"product_cat","embeddable":true,"href":"https:\/\/camaleoparty.ch\/de\/wp-json\/wp\/v2\/product_cat?post=29362"},{"taxonomy":"product_tag","embeddable":true,"href":"https:\/\/camaleoparty.ch\/de\/wp-json\/wp\/v2\/product_tag?post=29362"}],"curies":[{"name":"wp","href":"https:\/\/api.w.org\/{rel}","templated":true}]}}