{"id":29349,"date":"2019-10-21T14:27:04","date_gmt":"2019-10-21T13:27:04","guid":{"rendered":"https:\/\/pikasworld.ch\/product\/popcornboxen-muscheln-und-seesterne\/"},"modified":"2024-11-08T14:02:05","modified_gmt":"2024-11-08T13:02:05","slug":"popcornboxen-muscheln-und-seesterne","status":"publish","type":"product","link":"https:\/\/camaleoparty.ch\/de\/produkt\/popcornboxen-muscheln-und-seesterne\/","title":{"rendered":"Popcornboxen Muscheln und Seesterne"},"content":{"rendered":"<p>Popcorn schmeckt auch auf der Unterwasser-Party gut! Die sch\u00f6nen Popcornboxen mit Wellenrand sind mit wundersch\u00f6nen irisierenden, schillernden Motiven von Muscheln und Seesternen bedruckt, die je nach Lichteinfall bezaubernd gl\u00e4nzen. Der Hintergrund besitzt einen tollen Ombre Farbverlauf von Mintgr\u00fcn zu Pastellblau.<\/p>\n<p>Die lebensmittelechten Popcornboxen aus dickem Papier werden Ihnen flach geliefert und von Ihnen in ihre entsprechende Form gebracht.<\/p>\n<p>Ma\u00dfe (BxHxT): ca. 7 x 12,5 x 7 cm<\/p>\n<p>Inhalt: 6 St\u00fcck<\/p>\n","protected":false},"excerpt":{"rendered":"<p>Popcorn schmeckt auch auf der Unterwasser-Party gut! Die sch\u00f6nen Popcornboxen mit Wellenrand sind mit wundersch\u00f6nen irisierenden, schillernden Motiven von Muscheln und Seesternen bedruckt, die je nach Lichteinfall bezaubernd gl\u00e4nzen. Der Hintergrund besitzt einen tollen Ombre Farbverlauf von Mintgr\u00fcn zu Pastellblau.<\/p>\n<p>Die lebensmittelechten Popcornboxen aus dickem Papier werden Ihnen flach geliefert und von Ihnen in ihre entsprechende Form gebracht.<\/p>\n<p>Ma\u00dfe (BxHxT): ca. 7 x 12,5 x 7 cm<\/p>\n<p>Inhalt: 6 St\u00fcck<\/p>\n","protected":false},"featured_media":29347,"comment_status":"open","ping_status":"closed","template":"","meta":[],"product_cat":[155,327,299,147],"product_tag":[],"class_list":{"0":"post-29349","1":"product","2":"type-product","3":"status-publish","4":"has-post-thumbnail","6":"product_brand-partydeco-de","7":"product_cat-diverses","8":"product_cat-kochen","9":"product_cat-meerjungfrauen","10":"product_cat-verjaardags-en-feesttafelversieringen","12":"first","13":"instock","14":"taxable","15":"shipping-taxable","16":"purchasable","17":"product-type-simple"},"_links":{"self":[{"href":"https:\/\/camaleoparty.ch\/de\/wp-json\/wp\/v2\/product\/29349","targetHints":{"allow":["GET"]}}],"collection":[{"href":"https:\/\/camaleoparty.ch\/de\/wp-json\/wp\/v2\/product"}],"about":[{"href":"https:\/\/camaleoparty.ch\/de\/wp-json\/wp\/v2\/types\/product"}],"replies":[{"embeddable":true,"href":"https:\/\/camaleoparty.ch\/de\/wp-json\/wp\/v2\/comments?post=29349"}],"wp:featuredmedia":[{"embeddable":true,"href":"https:\/\/camaleoparty.ch\/de\/wp-json\/wp\/v2\/media\/29347"}],"wp:attachment":[{"href":"https:\/\/camaleoparty.ch\/de\/wp-json\/wp\/v2\/media?parent=29349"}],"wp:term":[{"taxonomy":"product_cat","embeddable":true,"href":"https:\/\/camaleoparty.ch\/de\/wp-json\/wp\/v2\/product_cat?post=29349"},{"taxonomy":"product_tag","embeddable":true,"href":"https:\/\/camaleoparty.ch\/de\/wp-json\/wp\/v2\/product_tag?post=29349"}],"curies":[{"name":"wp","href":"https:\/\/api.w.org\/{rel}","templated":true}]}}