{"id":29343,"date":"2019-10-21T14:09:00","date_gmt":"2019-10-21T13:09:46","guid":{"rendered":"https:\/\/pikasworld.ch\/product\/narwal-party-cake-topper-4-stuck\/"},"modified":"2024-11-08T14:02:54","modified_gmt":"2024-11-08T13:02:54","slug":"narwal-party-cake-topper-4-stuck","status":"publish","type":"product","link":"https:\/\/camaleoparty.ch\/de\/produkt\/narwal-party-cake-topper-4-stuck\/","title":{"rendered":"Narwal Party Cake Topper, 4 St\u00fcck"},"content":{"rendered":"&#13;\n<p>Mit dem Narwal Party Cake Topper Set lassen sich Torten, Kuchen, Desserts und Cupcakes liebevoll dekorieren. Das Narwal Kuchentopper Set enth\u00e4lt ein Narwal Topper, ein Seestern Topper, ein Muschel Topper und ein Korallen Topper. Feiern Sie mit dem s\u00fcssen Narwal eine tolle Unterwasserparty! Der Narwal ist das Einhorn der Meere und wird Ihre Partyg\u00e4ste entz\u00fccken. Die Narwal Kuchentopper ist die perfekte Tortendeko f\u00fcr Unterwasserparties.&#13;\n&#13;\nDie Topper k\u00f6nnen ganz einfach auf die fertig dekorierten Kuchen gesteckt werden. Das Narwal Holzspiesschen Set kann auch zum Dekorieren von s\u00fcssen und herzhaften Snacks oder Getr\u00e4nken verwendet werden.<\/p>&#13;\n&#13;\n<p>Mit dem Narwal Party Cake Topper Set lassen sich Torten, Kuchen, Desserts und Cupcakes liebevoll dekorieren.<\/p>&#13;\n&#13;\n<p\/>&#13;\n&#13;\n<p\/>&#13;\n&#13;\n<p\/>&#13;\n&#13;\n<p\/>&#13;\n&#13;\n<p\/>&#13;\n","protected":false},"excerpt":{"rendered":"<p>&#13; Mit dem Narwal Party Cake Topper Set lassen sich Torten, Kuchen, Desserts und Cupcakes liebevoll dekorieren. Das Narwal Kuchentopper Set enth\u00e4lt ein Narwal Topper, ein Seestern Topper, ein Muschel Topper und ein Korallen Topper. Feiern Sie mit dem s\u00fcssen Narwal eine tolle Unterwasserparty! Der Narwal ist das Einhorn der Meere und wird Ihre Partyg\u00e4ste [&hellip;]<\/p>\n","protected":false},"featured_media":29288,"comment_status":"open","ping_status":"closed","template":"","meta":[],"product_cat":[729,151,327,299,147],"product_tag":[],"class_list":{"0":"post-29343","1":"product","2":"type-product","3":"status-publish","4":"has-post-thumbnail","6":"product_brand-partydeco-de","7":"product_cat-unter-dem-meer","8":"product_cat-cake-toppers-de","9":"product_cat-kochen","10":"product_cat-meerjungfrauen","11":"product_cat-verjaardags-en-feesttafelversieringen","13":"first","14":"instock","15":"taxable","16":"shipping-taxable","17":"purchasable","18":"product-type-simple"},"_links":{"self":[{"href":"https:\/\/camaleoparty.ch\/de\/wp-json\/wp\/v2\/product\/29343","targetHints":{"allow":["GET"]}}],"collection":[{"href":"https:\/\/camaleoparty.ch\/de\/wp-json\/wp\/v2\/product"}],"about":[{"href":"https:\/\/camaleoparty.ch\/de\/wp-json\/wp\/v2\/types\/product"}],"replies":[{"embeddable":true,"href":"https:\/\/camaleoparty.ch\/de\/wp-json\/wp\/v2\/comments?post=29343"}],"wp:featuredmedia":[{"embeddable":true,"href":"https:\/\/camaleoparty.ch\/de\/wp-json\/wp\/v2\/media\/29288"}],"wp:attachment":[{"href":"https:\/\/camaleoparty.ch\/de\/wp-json\/wp\/v2\/media?parent=29343"}],"wp:term":[{"taxonomy":"product_cat","embeddable":true,"href":"https:\/\/camaleoparty.ch\/de\/wp-json\/wp\/v2\/product_cat?post=29343"},{"taxonomy":"product_tag","embeddable":true,"href":"https:\/\/camaleoparty.ch\/de\/wp-json\/wp\/v2\/product_tag?post=29343"}],"curies":[{"name":"wp","href":"https:\/\/api.w.org\/{rel}","templated":true}]}}