{"id":29242,"date":"2019-10-09T16:58:00","date_gmt":"2019-10-09T16:00:32","guid":{"rendered":"https:\/\/pikasworld.ch\/?post_type=product&#038;p=29242"},"modified":"2024-11-08T14:02:56","modified_gmt":"2024-11-08T13:02:56","slug":"happy-birthday-girlande-irisierend-62-cm","status":"publish","type":"product","link":"https:\/\/camaleoparty.ch\/de\/produkt\/happy-birthday-girlande-irisierend-62-cm\/","title":{"rendered":"Happy Birthday-Girlande &#8211; irisierend &#8211; 62 cm"},"content":{"rendered":"<p>Diese silberne \u201eHappy Birthday\u201c Girlande schillert und gl\u00e4nzt wundersch\u00f6n irisierend in Regenbogenfarben und ist eine gro\u00dfartige Dekoration f\u00fcr die Geburtstagsparty. Der feierliche Schriftzug ist in angesagtem Handlettering geschrieben und schm\u00fcckt wunderbar die W\u00e4nde Ihrer R\u00e4umlichkeiten.<\/p>\n<p>Die einzelnen Silben des Schriftzugs bestehen aus festem, einseitig foliertem Papier und sind an einen grauen Faden gen\u00e4ht.<\/p>\n<p>Insgesamt ist der Schriftzug ca. 62 cm lang und 16,5 cm hoch. Links und rechts des Schriftzugs bleibt ausreichend Faden \u00fcbrig, um die Girlande an gew\u00fcnschter Stelle festzubinden.<\/p>\n<p>Girlandenl\u00e4nge gesamt: 2 m<\/p>\n","protected":false},"excerpt":{"rendered":"<p>Diese silberne \u201eHappy Birthday\u201c Girlande schillert und gl\u00e4nzt wundersch\u00f6n irisierend in Regenbogenfarben und ist eine gro\u00dfartige Dekoration f\u00fcr die Geburtstagsparty. Der feierliche Schriftzug ist in angesagtem Handlettering geschrieben und schm\u00fcckt wunderbar die W\u00e4nde Ihrer R\u00e4umlichkeiten.<\/p>\n<p>Die einzelnen Silben des Schriftzugs bestehen aus festem, einseitig foliertem Papier und sind an einen grauen Faden gen\u00e4ht.<\/p>\n<p>Insgesamt ist der Schriftzug ca. 62 cm lang und 16,5 cm hoch. Links und rechts des Schriftzugs bleibt ausreichend Faden \u00fcbrig, um die Girlande an gew\u00fcnschter Stelle festzubinden.<\/p>\n<p>Girlandenl\u00e4nge gesamt: 2 m<\/p>\n","protected":false},"featured_media":29240,"comment_status":"open","ping_status":"closed","template":"","meta":[],"product_cat":[299,1286,163,183,591,181,340],"product_tag":[],"class_list":{"0":"post-29242","1":"product","2":"type-product","3":"status-publish","4":"has-post-thumbnail","6":"product_brand-partydeco-de","7":"product_cat-meerjungfrauen","8":"product_cat-banner-und-wimpel","9":"product_cat-dekoration","10":"product_cat-geburtstag","11":"product_cat-prinzessin-de","12":"product_cat-saisonal","13":"product_cat-weltraum","15":"first","16":"instock","17":"taxable","18":"shipping-taxable","19":"purchasable","20":"product-type-simple"},"_links":{"self":[{"href":"https:\/\/camaleoparty.ch\/de\/wp-json\/wp\/v2\/product\/29242","targetHints":{"allow":["GET"]}}],"collection":[{"href":"https:\/\/camaleoparty.ch\/de\/wp-json\/wp\/v2\/product"}],"about":[{"href":"https:\/\/camaleoparty.ch\/de\/wp-json\/wp\/v2\/types\/product"}],"replies":[{"embeddable":true,"href":"https:\/\/camaleoparty.ch\/de\/wp-json\/wp\/v2\/comments?post=29242"}],"wp:featuredmedia":[{"embeddable":true,"href":"https:\/\/camaleoparty.ch\/de\/wp-json\/wp\/v2\/media\/29240"}],"wp:attachment":[{"href":"https:\/\/camaleoparty.ch\/de\/wp-json\/wp\/v2\/media?parent=29242"}],"wp:term":[{"taxonomy":"product_cat","embeddable":true,"href":"https:\/\/camaleoparty.ch\/de\/wp-json\/wp\/v2\/product_cat?post=29242"},{"taxonomy":"product_tag","embeddable":true,"href":"https:\/\/camaleoparty.ch\/de\/wp-json\/wp\/v2\/product_tag?post=29242"}],"curies":[{"name":"wp","href":"https:\/\/api.w.org\/{rel}","templated":true}]}}