{"id":29201,"date":"2019-10-05T11:50:00","date_gmt":"2019-10-05T10:51:46","guid":{"rendered":"https:\/\/pikasworld.ch\/?post_type=product&#038;p=29201"},"modified":"2024-11-08T14:03:01","modified_gmt":"2024-11-08T13:03:01","slug":"pappbecher-kaktus","status":"publish","type":"product","link":"https:\/\/camaleoparty.ch\/de\/produkt\/pappbecher-kaktus\/","title":{"rendered":"Pappbecher &#8222;Kaktus&#8220;"},"content":{"rendered":"<p>H\u00fcbsche Pappbecher f\u00fcr eine fr\u00f6hliche Tischdekoration in zartem Mint mit kleinen, goldenen und wei\u00dfen Kaktusbl\u00fcten. Aus diesen tollen Bechern schmeckt das Partygetr\u00e4nk doch gleich besser.<\/p>\n<p>Nur f\u00fcr kalte Getr\u00e4nk geeignet.<\/p>\n<p>F\u00fcllmenge: 220 ml<\/p>\n<p>Inhalt: 6 St\u00fcck<\/p>\n","protected":false},"excerpt":{"rendered":"<p>H\u00fcbsche Pappbecher f\u00fcr eine fr\u00f6hliche Tischdekoration in zartem Mint mit kleinen, goldenen und wei\u00dfen Kaktusbl\u00fcten. Aus diesen tollen Bechern schmeckt das Partygetr\u00e4nk doch gleich besser.<\/p>\n<p>Nur f\u00fcr kalte Getr\u00e4nk geeignet.<\/p>\n<p>F\u00fcllmenge: 220 ml<\/p>\n<p>Inhalt: 6 St\u00fcck<\/p>\n","protected":false},"featured_media":29199,"comment_status":"open","ping_status":"closed","template":"","meta":[],"product_cat":[157,343,1285,147,1170],"product_tag":[],"class_list":{"0":"post-29201","1":"product","2":"type-product","3":"status-publish","4":"has-post-thumbnail","6":"product_brand-partydeco-de","7":"product_cat-becher","8":"product_cat-dschungel-und-safari","9":"product_cat-menthe-de","10":"product_cat-verjaardags-en-feesttafelversieringen","11":"product_cat-viva-la-fiesta-de","13":"first","14":"outofstock","15":"taxable","16":"shipping-taxable","17":"purchasable","18":"product-type-simple"},"_links":{"self":[{"href":"https:\/\/camaleoparty.ch\/de\/wp-json\/wp\/v2\/product\/29201","targetHints":{"allow":["GET"]}}],"collection":[{"href":"https:\/\/camaleoparty.ch\/de\/wp-json\/wp\/v2\/product"}],"about":[{"href":"https:\/\/camaleoparty.ch\/de\/wp-json\/wp\/v2\/types\/product"}],"replies":[{"embeddable":true,"href":"https:\/\/camaleoparty.ch\/de\/wp-json\/wp\/v2\/comments?post=29201"}],"wp:featuredmedia":[{"embeddable":true,"href":"https:\/\/camaleoparty.ch\/de\/wp-json\/wp\/v2\/media\/29199"}],"wp:attachment":[{"href":"https:\/\/camaleoparty.ch\/de\/wp-json\/wp\/v2\/media?parent=29201"}],"wp:term":[{"taxonomy":"product_cat","embeddable":true,"href":"https:\/\/camaleoparty.ch\/de\/wp-json\/wp\/v2\/product_cat?post=29201"},{"taxonomy":"product_tag","embeddable":true,"href":"https:\/\/camaleoparty.ch\/de\/wp-json\/wp\/v2\/product_tag?post=29201"}],"curies":[{"name":"wp","href":"https:\/\/api.w.org\/{rel}","templated":true}]}}