{"id":29195,"date":"2024-04-03T18:27:00","date_gmt":"2019-10-05T10:42:21","guid":{"rendered":"https:\/\/pikasworld.ch\/?post_type=product&#038;p=29195"},"modified":"2024-11-08T13:27:10","modified_gmt":"2024-11-08T12:27:10","slug":"shape-servietten-kaktus","status":"publish","type":"product","link":"https:\/\/camaleoparty.ch\/de\/produkt\/shape-servietten-kaktus\/","title":{"rendered":"Shape-Servietten &#8222;Kaktus&#8220;"},"content":{"rendered":"<p>Mit diesen originellen Shape-Servietten wird Ihre Tischdekoration ein h\u00fcbscher Blickfang. Das Trendsymbol Kaktus bringt Farbe und gute Stimmung auf den Kindergeburtstag.<\/p>\n<p>Die kleinen Cocktail-Servietten in Kaktus-Form im h\u00fcbschen Farbmix aus zartem Mint und kr\u00e4ftigem Pink, zeigen ausgebreitet vier Kakteen, die wundersch\u00f6n miteinander verbunden sind. Auf dem oberen Serviettenviertel gl\u00e4nzen goldene P\u00fcnktchen neben wei\u00dfen Punkten. Das umseitige Viertel ist nur mit wei\u00dfen P\u00fcnktchen verziert.<\/p>\n<p>3-lagig<\/p>\n<p>Ma\u00dfe: ca. 11,5 x 13,5 cm, ausgebreitet: 23 x 27 cm<\/p>\n<p>Inhalt: 20 St\u00fcck<\/p>\n","protected":false},"excerpt":{"rendered":"<p>Mit diesen originellen Shape-Servietten wird Ihre Tischdekoration ein h\u00fcbscher Blickfang. Das Trendsymbol Kaktus bringt Farbe und gute Stimmung auf den Kindergeburtstag.<\/p>\n","protected":false},"featured_media":29193,"comment_status":"open","ping_status":"closed","template":"","meta":[],"product_cat":[343,161,147,1170],"product_tag":[],"class_list":{"0":"post-29195","1":"product","2":"type-product","3":"status-publish","4":"has-post-thumbnail","6":"product_brand-partydeco-de","7":"product_cat-dschungel-und-safari","8":"product_cat-servietten","9":"product_cat-verjaardags-en-feesttafelversieringen","10":"product_cat-viva-la-fiesta-de","12":"first","13":"instock","14":"taxable","15":"shipping-taxable","16":"purchasable","17":"product-type-simple"},"_links":{"self":[{"href":"https:\/\/camaleoparty.ch\/de\/wp-json\/wp\/v2\/product\/29195","targetHints":{"allow":["GET"]}}],"collection":[{"href":"https:\/\/camaleoparty.ch\/de\/wp-json\/wp\/v2\/product"}],"about":[{"href":"https:\/\/camaleoparty.ch\/de\/wp-json\/wp\/v2\/types\/product"}],"replies":[{"embeddable":true,"href":"https:\/\/camaleoparty.ch\/de\/wp-json\/wp\/v2\/comments?post=29195"}],"wp:featuredmedia":[{"embeddable":true,"href":"https:\/\/camaleoparty.ch\/de\/wp-json\/wp\/v2\/media\/29193"}],"wp:attachment":[{"href":"https:\/\/camaleoparty.ch\/de\/wp-json\/wp\/v2\/media?parent=29195"}],"wp:term":[{"taxonomy":"product_cat","embeddable":true,"href":"https:\/\/camaleoparty.ch\/de\/wp-json\/wp\/v2\/product_cat?post=29195"},{"taxonomy":"product_tag","embeddable":true,"href":"https:\/\/camaleoparty.ch\/de\/wp-json\/wp\/v2\/product_tag?post=29195"}],"curies":[{"name":"wp","href":"https:\/\/api.w.org\/{rel}","templated":true}]}}