{"id":29176,"date":"2023-09-09T11:56:16","date_gmt":"2019-10-05T10:11:57","guid":{"rendered":"https:\/\/pikasworld.ch\/?post_type=product&#038;p=29176"},"modified":"2024-11-08T13:53:08","modified_gmt":"2024-11-08T12:53:08","slug":"photobooth-props-lama","status":"publish","type":"product","link":"https:\/\/camaleoparty.ch\/de\/produkt\/photobooth-props-lama\/","title":{"rendered":"Photobooth-Props Lama"},"content":{"rendered":"<p>Witzige Photobooth Props f\u00fcr unvergessliche Schnappsch\u00fcsse auf der Kindergeburtstagsparty. Die Trendsymbole Lama und Kaktus sorgen f\u00fcr jede Menge gute Laune.<\/p>\n<p>In der Packung finden Sie f\u00fcnf Props:<\/p>\n<ul>\n<li>1x Kaktus in Mint mit wei\u00dfen und goldgl\u00e4nzenden, kleinen Kaktusbl\u00fcten sowie gro\u00dfen, pinken Kaktusbl\u00fcten (ca. 22 x 23 cm)<\/li>\n<li>1x lilafarbenes Schild mit goldgl\u00e4nzendem Schriftzug \u201ecan\u2019t touch this!\u201c (ca. 30 x 12,5 cm)<\/li>\n<li>1x rosafarbene Sprechblase mit goldgl\u00e4nzendem \u201eno probllama\u201c-Schriftzug (ca. 26 x 19 cm)<\/li>\n<li>2x Lama mit goldgl\u00e4nzender Brille (ca. 16 x 21 cm und ca. 16 x 17 cm)<\/li>\n<\/ul>\n<p>Alle Motive sind aus festem Papier, einseitig bedruckt und an d\u00fcnne Holzst\u00e4be geklebt, die eine L\u00e4nge von ca. 20 cm haben.<\/p>\n<p>Inhalt: 5 Teile<\/p>\n","protected":false},"excerpt":{"rendered":"<p>Witzige Photobooth Props f\u00fcr unvergessliche Schnappsch\u00fcsse auf der Kindergeburtstagsparty. Die Trendsymbole Lama und Kaktus sorgen f\u00fcr jede Menge gute Laune.<\/p>\n<p>&nbsp;<\/p>\n","protected":false},"featured_media":29174,"comment_status":"open","ping_status":"closed","template":"","meta":[],"product_cat":[132,142,1170],"product_tag":[],"class_list":{"0":"post-29176","1":"product","2":"type-product","3":"status-publish","4":"has-post-thumbnail","6":"product_brand-partydeco-de","7":"product_cat-animationen","8":"product_cat-photo-booth-de","9":"product_cat-viva-la-fiesta-de","11":"first","12":"instock","13":"taxable","14":"shipping-taxable","15":"purchasable","16":"product-type-simple"},"_links":{"self":[{"href":"https:\/\/camaleoparty.ch\/de\/wp-json\/wp\/v2\/product\/29176","targetHints":{"allow":["GET"]}}],"collection":[{"href":"https:\/\/camaleoparty.ch\/de\/wp-json\/wp\/v2\/product"}],"about":[{"href":"https:\/\/camaleoparty.ch\/de\/wp-json\/wp\/v2\/types\/product"}],"replies":[{"embeddable":true,"href":"https:\/\/camaleoparty.ch\/de\/wp-json\/wp\/v2\/comments?post=29176"}],"wp:featuredmedia":[{"embeddable":true,"href":"https:\/\/camaleoparty.ch\/de\/wp-json\/wp\/v2\/media\/29174"}],"wp:attachment":[{"href":"https:\/\/camaleoparty.ch\/de\/wp-json\/wp\/v2\/media?parent=29176"}],"wp:term":[{"taxonomy":"product_cat","embeddable":true,"href":"https:\/\/camaleoparty.ch\/de\/wp-json\/wp\/v2\/product_cat?post=29176"},{"taxonomy":"product_tag","embeddable":true,"href":"https:\/\/camaleoparty.ch\/de\/wp-json\/wp\/v2\/product_tag?post=29176"}],"curies":[{"name":"wp","href":"https:\/\/api.w.org\/{rel}","templated":true}]}}