{"id":29145,"date":"2019-10-02T12:34:09","date_gmt":"2019-10-02T11:36:44","guid":{"rendered":"https:\/\/pikasworld.ch\/?post_type=product&#038;p=29145"},"modified":"2024-11-08T14:03:08","modified_gmt":"2024-11-08T13:03:08","slug":"diy-papiergirlande-geister","status":"publish","type":"product","link":"https:\/\/camaleoparty.ch\/de\/produkt\/diy-papiergirlande-geister\/","title":{"rendered":"DIY-Papiergirlande &#8222;Geister&#8220;"},"content":{"rendered":"<p>Geister geh\u00f6ren zu Halloween einfach dazu \u2013 diese kleinen wei\u00dfen Schreckgespenster mit schlafenden Augen zeigen, dass es dabei nicht immer schaurig zugehen muss!<\/p>\n<p>Die wei\u00dfen Papier-Geister mit Tasseln sehen n\u00e4mlich sehr liebensw\u00fcrdig aus und ihre schlafenden Augen in Gold sorgen zudem f\u00fcr kleine Glanz-Akzente in der Partydekoration.<\/p>\n<p>Sie erhalten zehn Geister-Motive aus dickem Papier und ebenso viele Tasseln aus wei\u00dfem Seidenpapier. Die Tasseln werden von Ihnen zu kleinen Z\u00f6pfen zusammengebunden (wei\u00dfe Dr\u00e4hte sind vorhanden) und mit Hilfe der beiliegenden Klebepads an die Geister-Motive geklebt. Anschlie\u00dfend werden die fertigen Tasseln auf die goldene Schnur von ca. 2 m L\u00e4nge gef\u00e4delt, die sich ebenfalls in der Packung befindet.<\/p>\n<p>Eine bebilderte Anleitung finden Sie au\u00dferdem auf der R\u00fcckseite der Verpackung.<\/p>\n<p>Die Geister sind mit den Tasseln ca. 14,5 cm lang.<\/p>\n<p>Die Girlande ist 1,3 m lang, links und rechts bleiben jeweils ca. 35 cm \u00fcbrig, die zum Befestigen dienen.<\/p>\n","protected":false},"excerpt":{"rendered":"<p>Geister geh\u00f6ren zu Halloween einfach dazu \u2013 diese kleinen wei\u00dfen Schreckgespenster mit schlafenden Augen zeigen, dass es dabei nicht immer schaurig zugehen muss!<\/p>\n<p>&nbsp;<\/p>\n","protected":false},"featured_media":29143,"comment_status":"open","ping_status":"closed","template":"","meta":[],"product_cat":[163,175,258,181],"product_tag":[],"class_list":{"0":"post-29145","1":"product","2":"type-product","3":"status-publish","4":"has-post-thumbnail","6":"product_brand-partydeco-de","7":"product_cat-dekoration","8":"product_cat-girlanden","9":"product_cat-halloween-de-2","10":"product_cat-saisonal","12":"first","13":"instock","14":"taxable","15":"shipping-taxable","16":"purchasable","17":"product-type-simple"},"_links":{"self":[{"href":"https:\/\/camaleoparty.ch\/de\/wp-json\/wp\/v2\/product\/29145","targetHints":{"allow":["GET"]}}],"collection":[{"href":"https:\/\/camaleoparty.ch\/de\/wp-json\/wp\/v2\/product"}],"about":[{"href":"https:\/\/camaleoparty.ch\/de\/wp-json\/wp\/v2\/types\/product"}],"replies":[{"embeddable":true,"href":"https:\/\/camaleoparty.ch\/de\/wp-json\/wp\/v2\/comments?post=29145"}],"wp:featuredmedia":[{"embeddable":true,"href":"https:\/\/camaleoparty.ch\/de\/wp-json\/wp\/v2\/media\/29143"}],"wp:attachment":[{"href":"https:\/\/camaleoparty.ch\/de\/wp-json\/wp\/v2\/media?parent=29145"}],"wp:term":[{"taxonomy":"product_cat","embeddable":true,"href":"https:\/\/camaleoparty.ch\/de\/wp-json\/wp\/v2\/product_cat?post=29145"},{"taxonomy":"product_tag","embeddable":true,"href":"https:\/\/camaleoparty.ch\/de\/wp-json\/wp\/v2\/product_tag?post=29145"}],"curies":[{"name":"wp","href":"https:\/\/api.w.org\/{rel}","templated":true}]}}