{"id":29139,"date":"2019-10-02T12:23:59","date_gmt":"2019-10-02T11:25:56","guid":{"rendered":"https:\/\/pikasworld.ch\/?post_type=product&#038;p=29139"},"modified":"2024-11-08T14:03:09","modified_gmt":"2024-11-08T13:03:09","slug":"shape-servietten-geist","status":"publish","type":"product","link":"https:\/\/camaleoparty.ch\/de\/produkt\/shape-servietten-geist\/","title":{"rendered":"Shape-Servietten Geist"},"content":{"rendered":"<p>Bezaubernd niedlich! Diese wei\u00dfen Geist-Servietten mit schlafenden Augen sind alles andere als angsteinfl\u00f6\u00dfend, aber dennoch perfekt f\u00fcr Ihre Halloween-Party!<\/p>\n<p>Die Shape-Servietten sind abgerundet und haben an einer Seite einen gewellten Rand.<\/p>\n<p>Dekorieren Sie Ihren Tisch mit den liebensw\u00fcrdigen Gespenstern und setzen Sie gl\u00e4nzende Akzente mit den goldenen schlafenden Augen.<\/p>\n<p>Der goldene Aufdruck ist auf einem Serviettenviertel zu sehen.<\/p>\n<p>3-lagig.<\/p>\n<p>Ma\u00dfe: 11 x 14 cm, ausgebreitet 23 x 28 cm<\/p>\n<p>Inhalt: 20 St\u00fcck<\/p>\n","protected":false},"excerpt":{"rendered":"<p>Bezaubernd niedlich! Diese wei\u00dfen Geist-Servietten mit schlafenden Augen sind alles andere als angsteinfl\u00f6\u00dfend, aber dennoch perfekt f\u00fcr Ihre Halloween-Party!<\/p>\n","protected":false},"featured_media":29137,"comment_status":"open","ping_status":"closed","template":"","meta":[],"product_cat":[258,181,161,147],"product_tag":[],"class_list":{"0":"post-29139","1":"product","2":"type-product","3":"status-publish","4":"has-post-thumbnail","6":"product_brand-partydeco-de","7":"product_cat-halloween-de-2","8":"product_cat-saisonal","9":"product_cat-servietten","10":"product_cat-verjaardags-en-feesttafelversieringen","12":"first","13":"instock","14":"taxable","15":"shipping-taxable","16":"purchasable","17":"product-type-simple"},"_links":{"self":[{"href":"https:\/\/camaleoparty.ch\/de\/wp-json\/wp\/v2\/product\/29139","targetHints":{"allow":["GET"]}}],"collection":[{"href":"https:\/\/camaleoparty.ch\/de\/wp-json\/wp\/v2\/product"}],"about":[{"href":"https:\/\/camaleoparty.ch\/de\/wp-json\/wp\/v2\/types\/product"}],"replies":[{"embeddable":true,"href":"https:\/\/camaleoparty.ch\/de\/wp-json\/wp\/v2\/comments?post=29139"}],"wp:featuredmedia":[{"embeddable":true,"href":"https:\/\/camaleoparty.ch\/de\/wp-json\/wp\/v2\/media\/29137"}],"wp:attachment":[{"href":"https:\/\/camaleoparty.ch\/de\/wp-json\/wp\/v2\/media?parent=29139"}],"wp:term":[{"taxonomy":"product_cat","embeddable":true,"href":"https:\/\/camaleoparty.ch\/de\/wp-json\/wp\/v2\/product_cat?post=29139"},{"taxonomy":"product_tag","embeddable":true,"href":"https:\/\/camaleoparty.ch\/de\/wp-json\/wp\/v2\/product_tag?post=29139"}],"curies":[{"name":"wp","href":"https:\/\/api.w.org\/{rel}","templated":true}]}}