{"id":29130,"date":"2024-07-29T10:44:35","date_gmt":"2019-10-01T20:53:38","guid":{"rendered":"https:\/\/pikasworld.ch\/?post_type=product&#038;p=29130"},"modified":"2024-11-08T13:22:48","modified_gmt":"2024-11-08T12:22:48","slug":"pappbecher-boo","status":"publish","type":"product","link":"https:\/\/camaleoparty.ch\/de\/produkt\/pappbecher-boo\/","title":{"rendered":"Halloween-Buhbecher rosa und schwarz, 6 St\u00fcck"},"content":{"rendered":"<p><strong>Gestalten Sie einen trendigen und s\u00fc\u00dfen Halloween-Tisch mit unseren Pappbechern, die mit Halloween-Motiven in Rosa verziert sind, schwarz und gold!<\/strong> Perfekt, um Ihrer Party einen eleganten und modernen Touch zu verleihen, Diese Becher werden Ihrer Veranstaltung eine einzigartige Atmosph\u00e4re verleihen. <strong>Merkmale<\/strong><\/p>\n<ul>\n<li><strong>Design:<\/strong> Halloween-Motive in Rosa, Schwarz und Gold &#8211; f\u00fcr eine schicke und originelle Dekoration.<\/li>\n<li><strong>Ma\u00dfe:<\/strong> 220 ml Fassungsverm\u00f6gen &#8211; ideal zum Servieren von hei\u00dfen oder kalten Getr\u00e4nken.<\/li>\n<li><strong>Material:<\/strong> Karton &#8211; praktisch und umweltfreundlich.<\/li>\n<\/ul>\n<p><strong>Inhalt :<\/strong><\/p>\n<ul>\n<li>6 Pappbecher &#8211; perfekt f\u00fcr eine kleine Party oder ein Halloween-Dinner.<\/li>\n<\/ul>\n<p><strong>Ideal f\u00fcr:<\/strong><\/p>\n<ul>\n<li><strong>Halloween-Tisch:<\/strong> Verleihen Sie Ihrer Partydekoration einen Hauch von Raffinesse.<\/li>\n<li><strong> Themenpartys:<\/strong> Perfekt f\u00fcr ein modernes und schickes Halloween.<\/li>\n<\/ul>\n<p><strong>Themenvorschl\u00e4ge f\u00fcr Themenpartys:<\/strong><\/p>\n<ul>\n<li><strong>Halloween Glamour:<\/strong> Kombinieren Sie mit goldenen und schwarzen Elementen f\u00fcr eine elegante Atmosph\u00e4re.<\/li>\n<li><strong>Halloween Pastell:<\/strong> Kombinieren Sie mit pastellfarbenen Dekorationen f\u00fcr eine s\u00fc\u00dfe und trendige Party.<\/li>\n<li><strong> Kinderparty:<\/strong> Verwenden Sie mit lustigen und farbenfrohen Accessoires, um die J\u00fcngsten zu begeistern.<\/li>\n<\/ul>\n<p>&nbsp;<\/p>\n","protected":false},"excerpt":{"rendered":"<p>6 Pappbecher mit Halloween-Dekor in den Farben Rosa, schwarz und vergoldet, um einen sch\u00f6nen, trendigen und s\u00fc\u00dfen Halloween-Tisch zu gestalten!<\/p>\n","protected":false},"featured_media":29128,"comment_status":"open","ping_status":"closed","template":"","meta":[],"product_cat":[157,258,1081,181,147],"product_tag":[],"class_list":{"0":"post-29130","1":"product","2":"type-product","3":"status-publish","4":"has-post-thumbnail","6":"product_brand-partydeco-de","7":"product_cat-becher","8":"product_cat-halloween-de-2","9":"product_cat-halloween-tischdekoration","10":"product_cat-saisonal","11":"product_cat-verjaardags-en-feesttafelversieringen","13":"first","14":"instock","15":"taxable","16":"shipping-taxable","17":"purchasable","18":"product-type-simple"},"_links":{"self":[{"href":"https:\/\/camaleoparty.ch\/de\/wp-json\/wp\/v2\/product\/29130","targetHints":{"allow":["GET"]}}],"collection":[{"href":"https:\/\/camaleoparty.ch\/de\/wp-json\/wp\/v2\/product"}],"about":[{"href":"https:\/\/camaleoparty.ch\/de\/wp-json\/wp\/v2\/types\/product"}],"replies":[{"embeddable":true,"href":"https:\/\/camaleoparty.ch\/de\/wp-json\/wp\/v2\/comments?post=29130"}],"wp:featuredmedia":[{"embeddable":true,"href":"https:\/\/camaleoparty.ch\/de\/wp-json\/wp\/v2\/media\/29128"}],"wp:attachment":[{"href":"https:\/\/camaleoparty.ch\/de\/wp-json\/wp\/v2\/media?parent=29130"}],"wp:term":[{"taxonomy":"product_cat","embeddable":true,"href":"https:\/\/camaleoparty.ch\/de\/wp-json\/wp\/v2\/product_cat?post=29130"},{"taxonomy":"product_tag","embeddable":true,"href":"https:\/\/camaleoparty.ch\/de\/wp-json\/wp\/v2\/product_tag?post=29130"}],"curies":[{"name":"wp","href":"https:\/\/api.w.org\/{rel}","templated":true}]}}