{"id":29098,"date":"2019-09-28T11:31:22","date_gmt":"2019-09-28T10:34:42","guid":{"rendered":"https:\/\/pikasworld.ch\/?post_type=product&#038;p=29098"},"modified":"2024-11-08T14:03:11","modified_gmt":"2024-11-08T13:03:11","slug":"seidenpapiergirlande-skelette","status":"publish","type":"product","link":"https:\/\/camaleoparty.ch\/de\/produkt\/seidenpapiergirlande-skelette\/","title":{"rendered":"Seidenpapiergirlande Skelette"},"content":{"rendered":"<p>Schaurige Skelette machen die Halloween-Party unsicher! Dekorieren Sie das Fest zur Gruselnacht mit dieser Skelett-Seidenpapiergirlande und lassen Sie die Knochen Ihrer G\u00e4ste nur so schlottern! Die Skelette haben die knochigen Arme in die H\u00fcfte gestemmt und sehen aus, als w\u00fcrden sie sogleich anfangen zu tanzen\u2026 Kleine Aussparungen geben dem Motiv tolle Details.<\/p>\n<p>Die Girlande wird auf einem wei\u00dfen Faden auseinander gezogen und mit den beiden Faden-Enden als Raumdekoration schnell und einfach befestigt.<\/p>\n<p>Gr\u00f6\u00dfe: ca. 25 cm hoch und 3 m lang<\/p>\n","protected":false},"excerpt":{"rendered":"<p>Schaurige Skelette machen die Halloween-Party unsicher! Dekorieren Sie das Fest zur Gruselnacht mit dieser Skelett-Seidenpapiergirlande und lassen Sie die Knochen Ihrer G\u00e4ste nur so schlottern! Die Skelette haben die knochigen Arme in die H\u00fcfte gestemmt und sehen aus, als w\u00fcrden sie sogleich anfangen zu tanzen\u2026 Kleine Aussparungen geben dem Motiv tolle Details.<\/p>\n<p>Die Girlande wird auf einem wei\u00dfen Faden auseinander gezogen und mit den beiden Faden-Enden als Raumdekoration schnell und einfach befestigt.<\/p>\n<p>Gr\u00f6\u00dfe: ca. 25 cm hoch und 3 m lang<\/p>\n","protected":false},"featured_media":29096,"comment_status":"open","ping_status":"closed","template":"","meta":[],"product_cat":[163,175,258,1079,181],"product_tag":[],"class_list":{"0":"post-29098","1":"product","2":"type-product","3":"status-publish","4":"has-post-thumbnail","6":"product_cat-dekoration","7":"product_cat-girlanden","8":"product_cat-halloween-de-2","9":"product_cat-halloween-raum-und-ausendekoration","10":"product_cat-saisonal","12":"first","13":"instock","14":"taxable","15":"shipping-taxable","16":"purchasable","17":"product-type-simple"},"_links":{"self":[{"href":"https:\/\/camaleoparty.ch\/de\/wp-json\/wp\/v2\/product\/29098","targetHints":{"allow":["GET"]}}],"collection":[{"href":"https:\/\/camaleoparty.ch\/de\/wp-json\/wp\/v2\/product"}],"about":[{"href":"https:\/\/camaleoparty.ch\/de\/wp-json\/wp\/v2\/types\/product"}],"replies":[{"embeddable":true,"href":"https:\/\/camaleoparty.ch\/de\/wp-json\/wp\/v2\/comments?post=29098"}],"wp:featuredmedia":[{"embeddable":true,"href":"https:\/\/camaleoparty.ch\/de\/wp-json\/wp\/v2\/media\/29096"}],"wp:attachment":[{"href":"https:\/\/camaleoparty.ch\/de\/wp-json\/wp\/v2\/media?parent=29098"}],"wp:term":[{"taxonomy":"product_cat","embeddable":true,"href":"https:\/\/camaleoparty.ch\/de\/wp-json\/wp\/v2\/product_cat?post=29098"},{"taxonomy":"product_tag","embeddable":true,"href":"https:\/\/camaleoparty.ch\/de\/wp-json\/wp\/v2\/product_tag?post=29098"}],"curies":[{"name":"wp","href":"https:\/\/api.w.org\/{rel}","templated":true}]}}