{"id":28982,"date":"2019-09-24T14:59:00","date_gmt":"2019-09-24T14:08:12","guid":{"rendered":"https:\/\/pikasworld.ch\/?post_type=product&#038;p=28982"},"modified":"2024-11-08T14:03:31","modified_gmt":"2024-11-08T13:03:31","slug":"servietten-prinzessin-magical","status":"publish","type":"product","link":"https:\/\/camaleoparty.ch\/de\/produkt\/servietten-prinzessin-magical\/","title":{"rendered":"Servietten Prinzessin Magical"},"content":{"rendered":"<p>Wundersch\u00f6ne Servietten aus der Meri Meri Serie Magical Princess f\u00fcr die Tischdeko auf einer Prinzessinnenparty. Die Servietten haben ein wundersch\u00f6nes Prinzessinnendekor mit sehr hochwertigen Elementen aus einer Goldfolie.<\/p>\n<p>16 Papierservietten 3-lagig<\/p>\n<p>Gr\u00f6\u00dfe ca. 16,5 x 16,5 cm<\/p>\n","protected":false},"excerpt":{"rendered":"<p>Wundersch\u00f6ne Servietten aus der Meri Meri Serie Magical Princess f\u00fcr die Tischdeko auf einer Prinzessinnenparty. Die Servietten haben ein wundersch\u00f6nes Prinzessinnendekor mit sehr hochwertigen Elementen aus einer Goldfolie.<\/p>\n<p>16 Papierservietten 3-lagig<\/p>\n<p>Gr\u00f6\u00dfe ca. 16,5 x 16,5 cm<\/p>\n","protected":false},"featured_media":28980,"comment_status":"open","ping_status":"closed","template":"","meta":[],"product_cat":[591,183,161,147],"product_tag":[],"class_list":{"0":"post-28982","1":"product","2":"type-product","3":"status-publish","4":"has-post-thumbnail","6":"product_cat-prinzessin-de","7":"product_cat-geburtstag","8":"product_cat-servietten","9":"product_cat-verjaardags-en-feesttafelversieringen","11":"first","12":"instock","13":"sale","14":"taxable","15":"shipping-taxable","16":"purchasable","17":"product-type-simple"},"_links":{"self":[{"href":"https:\/\/camaleoparty.ch\/de\/wp-json\/wp\/v2\/product\/28982","targetHints":{"allow":["GET"]}}],"collection":[{"href":"https:\/\/camaleoparty.ch\/de\/wp-json\/wp\/v2\/product"}],"about":[{"href":"https:\/\/camaleoparty.ch\/de\/wp-json\/wp\/v2\/types\/product"}],"replies":[{"embeddable":true,"href":"https:\/\/camaleoparty.ch\/de\/wp-json\/wp\/v2\/comments?post=28982"}],"wp:featuredmedia":[{"embeddable":true,"href":"https:\/\/camaleoparty.ch\/de\/wp-json\/wp\/v2\/media\/28980"}],"wp:attachment":[{"href":"https:\/\/camaleoparty.ch\/de\/wp-json\/wp\/v2\/media?parent=28982"}],"wp:term":[{"taxonomy":"product_cat","embeddable":true,"href":"https:\/\/camaleoparty.ch\/de\/wp-json\/wp\/v2\/product_cat?post=28982"},{"taxonomy":"product_tag","embeddable":true,"href":"https:\/\/camaleoparty.ch\/de\/wp-json\/wp\/v2\/product_tag?post=28982"}],"curies":[{"name":"wp","href":"https:\/\/api.w.org\/{rel}","templated":true}]}}