{"id":28867,"date":"2019-09-11T11:49:00","date_gmt":"2019-09-11T10:51:47","guid":{"rendered":"https:\/\/pikasworld.ch\/?post_type=product&#038;p=28867"},"modified":"2024-11-08T14:03:42","modified_gmt":"2024-11-08T13:03:42","slug":"halloween-deko-set-mit-girlande-und-ballons","status":"publish","type":"product","link":"https:\/\/camaleoparty.ch\/de\/produkt\/halloween-deko-set-mit-girlande-und-ballons\/","title":{"rendered":"Halloween-Deko-Set mit Girlande und Ballons"},"content":{"rendered":"<p>Mit diesem Set erhalten Sie alles, was Sie f\u00fcr eine stylische und schaurig-sch\u00f6ne Halloween-Raumdekoration ben\u00f6tigen! Die Schriftzuggirlande \u201eHalloween\u201c gl\u00e4nzt in mystischem Schwarz und Lila und wird links und rechts mit farblich passenden Luftballons verziert.<\/p>\n<p>Die Buchstaben der Schriftzuggirlande bestehen aus Papier und schillern beidseitig in dunklem Schwarz-Lila. Die Buchstaben sind bereits auf ein lila Gummiband aufgef\u00e4delt.<\/p>\n<p>Das Ballonband aus Kunststoff kann nach Belieben in der L\u00e4nge zurechtgeschnitten werden.<\/p>\n<p>inhalt 39tlg<\/p>\n","protected":false},"excerpt":{"rendered":"<p>Mit diesem Set erhalten Sie alles, was Sie f\u00fcr eine stylische und schaurig-sch\u00f6ne Halloween-Raumdekoration ben\u00f6tigen! Die Schriftzuggirlande \u201eHalloween\u201c gl\u00e4nzt in mystischem Schwarz und Lila und wird links und rechts mit farblich passenden Luftballons verziert.<\/p>\n<p>Die Buchstaben der Schriftzuggirlande bestehen aus Papier und schillern beidseitig in dunklem Schwarz-Lila. Die Buchstaben sind bereits auf ein lila Gummiband aufgef\u00e4delt.<\/p>\n<p>Das Ballonband aus Kunststoff kann nach Belieben in der L\u00e4nge zurechtgeschnitten werden.<\/p>\n<p>inhalt 39tlg<\/p>\n","protected":false},"featured_media":28865,"comment_status":"open","ping_status":"closed","template":"","meta":[],"product_cat":[1079,163,258,181],"product_tag":[],"class_list":{"0":"post-28867","1":"product","2":"type-product","3":"status-publish","4":"has-post-thumbnail","6":"product_cat-halloween-raum-und-ausendekoration","7":"product_cat-dekoration","8":"product_cat-halloween-de-2","9":"product_cat-saisonal","11":"first","12":"instock","13":"taxable","14":"shipping-taxable","15":"purchasable","16":"product-type-simple"},"_links":{"self":[{"href":"https:\/\/camaleoparty.ch\/de\/wp-json\/wp\/v2\/product\/28867","targetHints":{"allow":["GET"]}}],"collection":[{"href":"https:\/\/camaleoparty.ch\/de\/wp-json\/wp\/v2\/product"}],"about":[{"href":"https:\/\/camaleoparty.ch\/de\/wp-json\/wp\/v2\/types\/product"}],"replies":[{"embeddable":true,"href":"https:\/\/camaleoparty.ch\/de\/wp-json\/wp\/v2\/comments?post=28867"}],"wp:featuredmedia":[{"embeddable":true,"href":"https:\/\/camaleoparty.ch\/de\/wp-json\/wp\/v2\/media\/28865"}],"wp:attachment":[{"href":"https:\/\/camaleoparty.ch\/de\/wp-json\/wp\/v2\/media?parent=28867"}],"wp:term":[{"taxonomy":"product_cat","embeddable":true,"href":"https:\/\/camaleoparty.ch\/de\/wp-json\/wp\/v2\/product_cat?post=28867"},{"taxonomy":"product_tag","embeddable":true,"href":"https:\/\/camaleoparty.ch\/de\/wp-json\/wp\/v2\/product_tag?post=28867"}],"curies":[{"name":"wp","href":"https:\/\/api.w.org\/{rel}","templated":true}]}}