{"id":28633,"date":"2019-07-24T10:55:44","date_gmt":"2019-07-24T10:27:04","guid":{"rendered":"https:\/\/pikasworld.ch\/?post_type=product&#038;p=28633"},"modified":"2024-11-08T14:03:50","modified_gmt":"2024-11-08T13:03:50","slug":"cake-topper-pirates-party","status":"publish","type":"product","link":"https:\/\/camaleoparty.ch\/de\/produkt\/cake-topper-pirates-party\/","title":{"rendered":"Cake-Topper Pirates Party"},"content":{"rendered":"<p>Verzieren Sie Ihre leckere Torte oder andere s\u00fc\u00dfe Backwaren mit diesen piratenhaft coolen Kuchentoppern in Rot, Wei\u00df, Schwarz.<\/p>\n<p>Im Set finden Sie f\u00fcnf Holzpiekser, drei davon sind mit schwarzen Krakenbeinen versehen und zwei tragen kleine schwarze F\u00e4hnchen, alles aus festem, schwarzem Papier. Beiliegend finden Sie noch vier rotwei\u00df-gestreifte Papier-Segel, die Sie an die F\u00e4hnchen-Topper stecken k\u00f6nnen. So wird der Eindruck eines Segelschiffes erweckt &#8211; sehr originell!<\/p>\n<p>L\u00e4nge der Topper: ca. 13,5 &#8211; 21 cm<\/p>\n<p>Inhalt: 5 Motiv-Holzpiekser, 4 kleine Segel<\/p>\n","protected":false},"excerpt":{"rendered":"<p>Verzieren Sie Ihre leckere Torte oder andere s\u00fc\u00dfe Backwaren mit diesen piratenhaft coolen Kuchentoppern in Rot, Wei\u00df, Schwarz.<\/p>\n","protected":false},"featured_media":28631,"comment_status":"open","ping_status":"closed","template":"","meta":[],"product_cat":[151,330,225,147],"product_tag":[],"class_list":{"0":"post-28633","1":"product","2":"type-product","3":"status-publish","4":"has-post-thumbnail","6":"product_cat-cake-toppers-de","7":"product_cat-cupcakes-de","8":"product_cat-piraten","9":"product_cat-verjaardags-en-feesttafelversieringen","11":"first","12":"instock","13":"taxable","14":"shipping-taxable","15":"purchasable","16":"product-type-simple"},"_links":{"self":[{"href":"https:\/\/camaleoparty.ch\/de\/wp-json\/wp\/v2\/product\/28633","targetHints":{"allow":["GET"]}}],"collection":[{"href":"https:\/\/camaleoparty.ch\/de\/wp-json\/wp\/v2\/product"}],"about":[{"href":"https:\/\/camaleoparty.ch\/de\/wp-json\/wp\/v2\/types\/product"}],"replies":[{"embeddable":true,"href":"https:\/\/camaleoparty.ch\/de\/wp-json\/wp\/v2\/comments?post=28633"}],"wp:featuredmedia":[{"embeddable":true,"href":"https:\/\/camaleoparty.ch\/de\/wp-json\/wp\/v2\/media\/28631"}],"wp:attachment":[{"href":"https:\/\/camaleoparty.ch\/de\/wp-json\/wp\/v2\/media?parent=28633"}],"wp:term":[{"taxonomy":"product_cat","embeddable":true,"href":"https:\/\/camaleoparty.ch\/de\/wp-json\/wp\/v2\/product_cat?post=28633"},{"taxonomy":"product_tag","embeddable":true,"href":"https:\/\/camaleoparty.ch\/de\/wp-json\/wp\/v2\/product_tag?post=28633"}],"curies":[{"name":"wp","href":"https:\/\/api.w.org\/{rel}","templated":true}]}}