{"id":28617,"date":"2019-07-22T14:22:09","date_gmt":"2019-07-22T13:24:22","guid":{"rendered":"https:\/\/pikasworld.ch\/?post_type=product&#038;p=28617"},"modified":"2024-11-08T14:03:52","modified_gmt":"2024-11-08T13:03:52","slug":"holzbesteck-rosa-18-teilig","status":"publish","type":"product","link":"https:\/\/camaleoparty.ch\/de\/produkt\/holzbesteck-rosa-18-teilig\/","title":{"rendered":"Holzbesteck &#8211; rosa &#8211; 18-teilig"},"content":{"rendered":"<p>Modernes Holzbesteck mit zartem Farbakzent in Rosa f\u00fcr Ihre n\u00e4chste Geburtstagsparty, Baby Shower, den Grillabend oder f\u00fcr ein Picknick.<\/p>\n<p>Das Partybesteck aus hellem Holz beeindruckt mit seinem modernen Design und den unterschiedlich gro\u00dfen rosafarbenen Einf\u00e4rbungen an den unteren Enden der Besteckteile.<\/p>\n<p>Das Besteck-Set ist f\u00fcr sechs Personen und enth\u00e4lt Messer, Gabeln und L\u00f6ffel.<\/p>\n<p>Ma\u00dfe: ca. 1,5-3 x 16 cm<\/p>\n","protected":false},"excerpt":{"rendered":"<p>Modernes Holzbesteck mit zartem Farbakzent in Rosa f\u00fcr Ihre n\u00e4chste Geburtstagsparty, Baby Shower, den Grillabend oder f\u00fcr ein Picknick.<\/p>\n<p>Das Partybesteck aus hellem Holz beeindruckt mit seinem modernen Design und den unterschiedlich gro\u00dfen rosafarbenen Einf\u00e4rbungen an den unteren Enden der Besteckteile.<\/p>\n<p>Das Besteck-Set ist f\u00fcr sechs Personen und enth\u00e4lt Messer, Gabeln und L\u00f6ffel.<\/p>\n<p>Ma\u00dfe: ca. 1,5-3 x 16 cm<\/p>\n","protected":false},"featured_media":28615,"comment_status":"open","ping_status":"closed","template":"","meta":[],"product_cat":[729,185,708,215,343,221,183,385,153,773,820,742,582,1171,299,591,1204,181,147,598,213],"product_tag":[],"class_list":{"0":"post-28617","1":"product","2":"type-product","3":"status-publish","4":"has-post-thumbnail","6":"product_brand-partydeco-de","7":"product_cat-unter-dem-meer","8":"product_cat-baby-shower-de","9":"product_cat-blumen","10":"product_cat-dinosaurier","11":"product_cat-dschungel-und-safari","12":"product_cat-einhorn","13":"product_cat-geburtstag","14":"product_cat-gender-reveal-party-de","15":"product_cat-geschirr","16":"product_cat-hund","17":"product_cat-kaninchen","18":"product_cat-katze","19":"product_cat-magier","20":"product_cat-maerchen","21":"product_cat-meerjungfrauen","22":"product_cat-prinzessin-de","23":"product_cat-rosa","24":"product_cat-saisonal","25":"product_cat-verjaardags-en-feesttafelversieringen","26":"product_cat-waldgebiet","27":"product_cat-zirkus","29":"first","30":"instock","31":"taxable","32":"shipping-taxable","33":"purchasable","34":"product-type-simple"},"_links":{"self":[{"href":"https:\/\/camaleoparty.ch\/de\/wp-json\/wp\/v2\/product\/28617","targetHints":{"allow":["GET"]}}],"collection":[{"href":"https:\/\/camaleoparty.ch\/de\/wp-json\/wp\/v2\/product"}],"about":[{"href":"https:\/\/camaleoparty.ch\/de\/wp-json\/wp\/v2\/types\/product"}],"replies":[{"embeddable":true,"href":"https:\/\/camaleoparty.ch\/de\/wp-json\/wp\/v2\/comments?post=28617"}],"wp:featuredmedia":[{"embeddable":true,"href":"https:\/\/camaleoparty.ch\/de\/wp-json\/wp\/v2\/media\/28615"}],"wp:attachment":[{"href":"https:\/\/camaleoparty.ch\/de\/wp-json\/wp\/v2\/media?parent=28617"}],"wp:term":[{"taxonomy":"product_cat","embeddable":true,"href":"https:\/\/camaleoparty.ch\/de\/wp-json\/wp\/v2\/product_cat?post=28617"},{"taxonomy":"product_tag","embeddable":true,"href":"https:\/\/camaleoparty.ch\/de\/wp-json\/wp\/v2\/product_tag?post=28617"}],"curies":[{"name":"wp","href":"https:\/\/api.w.org\/{rel}","templated":true}]}}