{"id":28598,"date":"2019-07-17T13:42:00","date_gmt":"2019-07-17T12:45:20","guid":{"rendered":"https:\/\/pikasworld.ch\/?post_type=product&#038;p=28598"},"modified":"2024-11-08T14:03:53","modified_gmt":"2024-11-08T13:03:53","slug":"popcorn-boxen-rot-schwarz-weiss","status":"publish","type":"product","link":"https:\/\/camaleoparty.ch\/de\/produkt\/popcorn-boxen-rot-schwarz-weiss\/","title":{"rendered":"Popcorn Boxen Rot, schwarz weiss"},"content":{"rendered":"<p>Zum F\u00fcllen mit leckeren S\u00fc\u00dfigkeiten, wie Popcorn, Marshmallows oder Gummib\u00e4rchen, sind diese kleinen Boxen im blauen Streifen-Look einfach perfekt. Nutzen Sie sie f\u00fcr den Kindergeburtstag, eine Hochzeit oder f\u00fcr die n\u00e4chste Gartenparty!<\/p>\n<p>Eine Packung enth\u00e4lt sechs Boxen aus Pappe mit einer Gr\u00f6\u00dfe von ca.\u00a07,5 x 7,5 x 12,5 cm.<\/p>\n","protected":false},"excerpt":{"rendered":"<p>Zum F\u00fcllen mit leckeren S\u00fc\u00dfigkeiten, wie Popcorn, Marshmallows oder Gummib\u00e4rchen, sind diese kleinen Boxen im blauen Streifen-Look einfach perfekt. Nutzen Sie sie f\u00fcr den Kindergeburtstag, eine Hochzeit oder f\u00fcr die n\u00e4chste Gartenparty!<\/p>\n<p>Eine Packung enth\u00e4lt sechs Boxen aus Pappe mit einer Gr\u00f6\u00dfe von ca.\u00a07,5 x 7,5 x 12,5 cm.<\/p>\n","protected":false},"featured_media":28596,"comment_status":"open","ping_status":"closed","template":"","meta":[],"product_cat":[585,327,1203,225,333,1207,181,1209,235],"product_tag":[],"class_list":{"0":"post-28598","1":"product","2":"type-product","3":"status-publish","4":"has-post-thumbnail","6":"product_cat-feuerwehrmann","7":"product_cat-kochen","8":"product_cat-nutztiere","9":"product_cat-piraten","10":"product_cat-popcorn-de","11":"product_cat-farbe-rot","12":"product_cat-saisonal","13":"product_cat-schwarze-farbe","14":"product_cat-superheld","16":"first","17":"instock","18":"taxable","19":"shipping-taxable","20":"purchasable","21":"product-type-simple"},"_links":{"self":[{"href":"https:\/\/camaleoparty.ch\/de\/wp-json\/wp\/v2\/product\/28598","targetHints":{"allow":["GET"]}}],"collection":[{"href":"https:\/\/camaleoparty.ch\/de\/wp-json\/wp\/v2\/product"}],"about":[{"href":"https:\/\/camaleoparty.ch\/de\/wp-json\/wp\/v2\/types\/product"}],"replies":[{"embeddable":true,"href":"https:\/\/camaleoparty.ch\/de\/wp-json\/wp\/v2\/comments?post=28598"}],"wp:featuredmedia":[{"embeddable":true,"href":"https:\/\/camaleoparty.ch\/de\/wp-json\/wp\/v2\/media\/28596"}],"wp:attachment":[{"href":"https:\/\/camaleoparty.ch\/de\/wp-json\/wp\/v2\/media?parent=28598"}],"wp:term":[{"taxonomy":"product_cat","embeddable":true,"href":"https:\/\/camaleoparty.ch\/de\/wp-json\/wp\/v2\/product_cat?post=28598"},{"taxonomy":"product_tag","embeddable":true,"href":"https:\/\/camaleoparty.ch\/de\/wp-json\/wp\/v2\/product_tag?post=28598"}],"curies":[{"name":"wp","href":"https:\/\/api.w.org\/{rel}","templated":true}]}}