{"id":28545,"date":"2019-07-15T13:27:15","date_gmt":"2019-07-15T12:30:46","guid":{"rendered":"https:\/\/pikasworld.ch\/?post_type=product&#038;p=28545"},"modified":"2024-11-08T14:04:00","modified_gmt":"2024-11-08T13:04:00","slug":"papiertueten-mit-katzenstickern-rosa-6-stueck","status":"publish","type":"product","link":"https:\/\/camaleoparty.ch\/de\/produkt\/papiertueten-mit-katzenstickern-rosa-6-stueck\/","title":{"rendered":"Papiert\u00fcten mit Katzenstickern &#8211; rosa &#8211; 6 St\u00fcck"},"content":{"rendered":"<p>Mit zufrieden schnurrenden K\u00e4tzchen k\u00f6nnen Sie diese rosa Papiert\u00fcten verschlie\u00dfen und die Miezekatzen passen gut auf die darin verstauten S\u00fc\u00dfigkeiten zum Kindergeburtstag auf.<\/p>\n<p>Die l\u00e4nglichen Papiert\u00fcten sind au\u00dfen ringsum rosa eingef\u00e4rbt, lebensmittelecht und Naschereien wie Bonbons, Kekse oder Gummitierchen erfreuen Ihre kleinen G\u00e4ste.<\/p>\n<p>Die T\u00fcten sind mit einem Boden ausgestattet und werden mit schwarzen Stickern in Form eines Katzenkopfes verschlossen.<\/p>\n<p>Ma\u00dfe:<br \/>\nT\u00fcten (BxHxT): 8 x 21 x 6,5 cm<br \/>\nSticker: ca. 4,3 x 3,7 cm<\/p>\n<p>Inhalt: 6 Papiert\u00fcten, 6 Sticker<\/p>\n","protected":false},"excerpt":{"rendered":"<p>Mit zufrieden schnurrenden K\u00e4tzchen k\u00f6nnen Sie diese rosa Papiert\u00fcten verschlie\u00dfen und die Miezekatzen passen gut auf die darin verstauten S\u00fc\u00dfigkeiten zum Kindergeburtstag auf.<\/p>\n","protected":false},"featured_media":28543,"comment_status":"open","ping_status":"closed","template":"","meta":[],"product_cat":[382,258,742,199,1204],"product_tag":[],"class_list":{"0":"post-28545","1":"product","2":"type-product","3":"status-publish","4":"has-post-thumbnail","6":"product_brand-partydeco-de","7":"product_cat-geschenktueten-schachteln","8":"product_cat-halloween-de-2","9":"product_cat-katze","10":"product_cat-papierwaren","11":"product_cat-rosa","13":"first","14":"instock","15":"taxable","16":"shipping-taxable","17":"purchasable","18":"product-type-simple"},"_links":{"self":[{"href":"https:\/\/camaleoparty.ch\/de\/wp-json\/wp\/v2\/product\/28545","targetHints":{"allow":["GET"]}}],"collection":[{"href":"https:\/\/camaleoparty.ch\/de\/wp-json\/wp\/v2\/product"}],"about":[{"href":"https:\/\/camaleoparty.ch\/de\/wp-json\/wp\/v2\/types\/product"}],"replies":[{"embeddable":true,"href":"https:\/\/camaleoparty.ch\/de\/wp-json\/wp\/v2\/comments?post=28545"}],"wp:featuredmedia":[{"embeddable":true,"href":"https:\/\/camaleoparty.ch\/de\/wp-json\/wp\/v2\/media\/28543"}],"wp:attachment":[{"href":"https:\/\/camaleoparty.ch\/de\/wp-json\/wp\/v2\/media?parent=28545"}],"wp:term":[{"taxonomy":"product_cat","embeddable":true,"href":"https:\/\/camaleoparty.ch\/de\/wp-json\/wp\/v2\/product_cat?post=28545"},{"taxonomy":"product_tag","embeddable":true,"href":"https:\/\/camaleoparty.ch\/de\/wp-json\/wp\/v2\/product_tag?post=28545"}],"curies":[{"name":"wp","href":"https:\/\/api.w.org\/{rel}","templated":true}]}}