{"id":28527,"date":"2019-07-15T12:20:00","date_gmt":"2019-07-15T11:22:19","guid":{"rendered":"https:\/\/pikasworld.ch\/?post_type=product&#038;p=28527"},"modified":"2024-11-08T14:04:03","modified_gmt":"2024-11-08T13:04:03","slug":"rosetten-set-rot-schwarz-weiss-3-teilig","status":"publish","type":"product","link":"https:\/\/camaleoparty.ch\/de\/produkt\/rosetten-set-rot-schwarz-weiss-3-teilig\/","title":{"rendered":"Rosetten-Set &#8211; rot\/schwarz\/wei\u00df &#8211; 3-teilig"},"content":{"rendered":"<p>Unser Papierf\u00e4cher-Set beinhaltet drei Rosetten in drei verschiedenen Gr\u00f6\u00dfen und Designs mit jeweils einem wei\u00dfen Bindfaden zum Aufh\u00e4ngen.<\/p>\n<p>Inhalt:<\/p>\n<ul>\n<li>eine gro\u00dfe rote Rosette mit wei\u00dfen Punkten mit einem Durchmesser von\u00a040 cm,<\/li>\n<li>eine mittelgro\u00dfe schwarze Rosette mit kleinen wei\u00dfen P\u00fcnktchen mit einem Durchmesser von\u00a032 cm und<\/li>\n<li>eine kleine wei\u00dfe Rosette\u00a0mit roten Herzen mit einem Durchmesser von 23 cm<\/li>\n<\/ul>\n<p>Als Sweet Table Hintergrund, verteilt im Raum oder im Farb-Mix mit unseren anderen Rosetten-Sets, ergeben die Papierf\u00e4cher im Handumdrehen eine traumhaft sch\u00f6ne Partydeko.<\/p>\n","protected":false},"excerpt":{"rendered":"<p>Unser Papierf\u00e4cher-Set beinhaltet drei Rosetten in drei verschiedenen Gr\u00f6\u00dfen und Designs mit jeweils einem wei\u00dfen Bindfaden zum Aufh\u00e4ngen.<\/p>\n<p>Inhalt:<\/p>\n<ul>\n<li>eine gro\u00dfe rote Rosette mit wei\u00dfen Punkten mit einem Durchmesser von\u00a040 cm,<\/li>\n<li>eine mittelgro\u00dfe schwarze Rosette mit kleinen wei\u00dfen P\u00fcnktchen mit einem Durchmesser von\u00a032 cm und<\/li>\n<li>eine kleine wei\u00dfe Rosette\u00a0mit roten Herzen mit einem Durchmesser von 23 cm<\/li>\n<\/ul>\n<p>Als Sweet Table Hintergrund, verteilt im Raum oder im Farb-Mix mit unseren anderen Rosetten-Sets, ergeben die Papierf\u00e4cher im Handumdrehen eine traumhaft sch\u00f6ne Partydeko.<\/p>\n","protected":false},"featured_media":28525,"comment_status":"open","ping_status":"closed","template":"","meta":[],"product_cat":[163,585,1203,225,1207,1209,235,169,213],"product_tag":[],"class_list":{"0":"post-28527","1":"product","2":"type-product","3":"status-publish","4":"has-post-thumbnail","6":"product_cat-dekoration","7":"product_cat-feuerwehrmann","8":"product_cat-nutztiere","9":"product_cat-piraten","10":"product_cat-farbe-rot","11":"product_cat-schwarze-farbe","12":"product_cat-superheld","13":"product_cat-wabenball","14":"product_cat-zirkus","16":"first","17":"instock","18":"taxable","19":"shipping-taxable","20":"purchasable","21":"product-type-simple"},"_links":{"self":[{"href":"https:\/\/camaleoparty.ch\/de\/wp-json\/wp\/v2\/product\/28527","targetHints":{"allow":["GET"]}}],"collection":[{"href":"https:\/\/camaleoparty.ch\/de\/wp-json\/wp\/v2\/product"}],"about":[{"href":"https:\/\/camaleoparty.ch\/de\/wp-json\/wp\/v2\/types\/product"}],"replies":[{"embeddable":true,"href":"https:\/\/camaleoparty.ch\/de\/wp-json\/wp\/v2\/comments?post=28527"}],"wp:featuredmedia":[{"embeddable":true,"href":"https:\/\/camaleoparty.ch\/de\/wp-json\/wp\/v2\/media\/28525"}],"wp:attachment":[{"href":"https:\/\/camaleoparty.ch\/de\/wp-json\/wp\/v2\/media?parent=28527"}],"wp:term":[{"taxonomy":"product_cat","embeddable":true,"href":"https:\/\/camaleoparty.ch\/de\/wp-json\/wp\/v2\/product_cat?post=28527"},{"taxonomy":"product_tag","embeddable":true,"href":"https:\/\/camaleoparty.ch\/de\/wp-json\/wp\/v2\/product_tag?post=28527"}],"curies":[{"name":"wp","href":"https:\/\/api.w.org\/{rel}","templated":true}]}}