{"id":28519,"date":"2019-07-13T11:51:52","date_gmt":"2019-07-13T10:53:51","guid":{"rendered":"https:\/\/pikasworld.ch\/?post_type=product&#038;p=28519"},"modified":"2024-11-08T14:04:05","modified_gmt":"2024-11-08T13:04:05","slug":"autodekorations-set-love-silber-pastell","status":"publish","type":"product","link":"https:\/\/camaleoparty.ch\/de\/produkt\/autodekorations-set-love-silber-pastell\/","title":{"rendered":"Autodekorations-Set &#8222;Love&#8220; &#8211; silber\/pastell"},"content":{"rendered":"<p>Wundersch\u00f6ne pastellbunte Hochzeitsdeko f\u00fcr Ihr Auto! Mit diesem wunderbaren Dekorations-Set aus Luftballons, Tasselgirlande und metallicgl\u00e4nzenden Buchstaben-Folienballons wird das Hochzeitsauto zu einem farbenfrohen Blickfang!<\/p>\n<p>Im Set finden Sie 12 Latexballons, jeweils 4x Wei\u00df, 4x Rosa und 4x T\u00fcrkisgr\u00fcn.\u00a0Diese k\u00f6nnen Sie an die Seitent\u00fcrgriffe, mithilfe des mitgelieferten wei\u00dfen Satinbandes, an Ihrem Auto befestigen und die Luftballons am Ballonknoten h\u00fcbsch damit dekorieren. F\u00fcr die Kofferraumklappe Ihres Autos finden Sie vier metallic-silbergl\u00e4nzende Buchstaben-Ballons, die zusammen den Schriftzug \u201eLove\u201c ergeben. Jeder Ballon hat eine kleine \u00d6ffnung, durch die Sie die mitgelieferte Nylon-Schnur ziehen und zusammen am Auto befestigen k\u00f6nnen. Nutzen Sie daf\u00fcr die beiliegenden Saugn\u00e4pfe. Um die Sto\u00dfstange farbenfroh aufzuh\u00fcbschen, enth\u00e4lt das Set eine Tasselgirlande mit 12 Tasseln, jeweils 3x Rosa, 3x Lila, 3x Hellblau und 3x Gr\u00fcn.\u00a0Daf\u00fcr finden Sie im Set Tasselb\u00f6gen aus Seidenpapier, die Sie einfach in 12 einzelne Tasseln zusammenfalten k\u00f6nnen (eine Anleitung liegt bei). Diese Tasseln dann auf die Schnur f\u00e4deln und mit den Saugn\u00e4pfen an Ihr Auto befestigen.<\/p>\n<p>Ma\u00dfe:<\/p>\n<ul>\n<li>Durchmesser Latexballons: 23 cm<\/li>\n<li>Tasselgirlande: 150 x 30 cm<\/li>\n<li>H\u00f6he der Folienballons: 35 cm<\/li>\n<li>wei\u00dfes Satinband: ca. 1,5 cm x 5 m<\/li>\n<li>L\u00e4nge der Nylon-Schnur: 12 m<\/li>\n<li>Durchmesser Saugn\u00e4pfe: ca. 4 cm<\/li>\n<\/ul>\n<p>Inhalt: 12 Luftballons, 1 Folienballon-Schriftzug, 1 Tasselgirlande, 1 Satinband, 1 Nylon-Schnur, 6 Saugn\u00e4pfe<\/p>\n","protected":false},"excerpt":{"rendered":"<p>Wundersch\u00f6ne pastellbunte Hochzeitsdeko f\u00fcr Ihr Auto! Mit diesem wunderbaren Dekorations-Set aus Luftballons, Tasselgirlande und metallicgl\u00e4nzenden Buchstaben-Folienballons wird das Hochzeitsauto zu einem farbenfrohen Blickfang!<\/p>\n","protected":false},"featured_media":28517,"comment_status":"open","ping_status":"closed","template":"","meta":[],"product_cat":[191,181],"product_tag":[],"class_list":{"0":"post-28519","1":"product","2":"type-product","3":"status-publish","4":"has-post-thumbnail","6":"product_brand-partydeco-de","7":"product_cat-hochzeit","8":"product_cat-saisonal","10":"first","11":"instock","12":"taxable","13":"shipping-taxable","14":"purchasable","15":"product-type-simple"},"_links":{"self":[{"href":"https:\/\/camaleoparty.ch\/de\/wp-json\/wp\/v2\/product\/28519","targetHints":{"allow":["GET"]}}],"collection":[{"href":"https:\/\/camaleoparty.ch\/de\/wp-json\/wp\/v2\/product"}],"about":[{"href":"https:\/\/camaleoparty.ch\/de\/wp-json\/wp\/v2\/types\/product"}],"replies":[{"embeddable":true,"href":"https:\/\/camaleoparty.ch\/de\/wp-json\/wp\/v2\/comments?post=28519"}],"wp:featuredmedia":[{"embeddable":true,"href":"https:\/\/camaleoparty.ch\/de\/wp-json\/wp\/v2\/media\/28517"}],"wp:attachment":[{"href":"https:\/\/camaleoparty.ch\/de\/wp-json\/wp\/v2\/media?parent=28519"}],"wp:term":[{"taxonomy":"product_cat","embeddable":true,"href":"https:\/\/camaleoparty.ch\/de\/wp-json\/wp\/v2\/product_cat?post=28519"},{"taxonomy":"product_tag","embeddable":true,"href":"https:\/\/camaleoparty.ch\/de\/wp-json\/wp\/v2\/product_tag?post=28519"}],"curies":[{"name":"wp","href":"https:\/\/api.w.org\/{rel}","templated":true}]}}