{"id":28506,"date":"2019-07-13T10:43:42","date_gmt":"2019-07-13T09:55:01","guid":{"rendered":"https:\/\/pikasworld.ch\/?post_type=product&#038;p=28506"},"modified":"2024-11-08T14:04:07","modified_gmt":"2024-11-08T13:04:07","slug":"platzkarten-goldene-blaetter","status":"publish","type":"product","link":"https:\/\/camaleoparty.ch\/de\/produkt\/platzkarten-goldene-blaetter\/","title":{"rendered":"Platzkarten goldene Bl\u00e4tter"},"content":{"rendered":"<p>10 Platzkarten in weiss mit goldenen \u00c4sten, perfekt f\u00fcr eine Hochzeit oder einen Geburtstag<\/p>\n","protected":false},"excerpt":{"rendered":"<p>10 Platzkarten in weiss mit goldenen \u00c4sten, perfekt f\u00fcr eine Hochzeit oder einen Geburtstag<\/p>\n","protected":false},"featured_media":28504,"comment_status":"open","ping_status":"closed","template":"","meta":[],"product_cat":[155,191,914,181,147],"product_tag":[],"class_list":{"0":"post-28506","1":"product","2":"type-product","3":"status-publish","4":"has-post-thumbnail","6":"product_cat-diverses","7":"product_cat-hochzeit","8":"product_cat-marke-platz","9":"product_cat-saisonal","10":"product_cat-verjaardags-en-feesttafelversieringen","12":"first","13":"instock","14":"taxable","15":"shipping-taxable","16":"purchasable","17":"product-type-simple"},"_links":{"self":[{"href":"https:\/\/camaleoparty.ch\/de\/wp-json\/wp\/v2\/product\/28506","targetHints":{"allow":["GET"]}}],"collection":[{"href":"https:\/\/camaleoparty.ch\/de\/wp-json\/wp\/v2\/product"}],"about":[{"href":"https:\/\/camaleoparty.ch\/de\/wp-json\/wp\/v2\/types\/product"}],"replies":[{"embeddable":true,"href":"https:\/\/camaleoparty.ch\/de\/wp-json\/wp\/v2\/comments?post=28506"}],"wp:featuredmedia":[{"embeddable":true,"href":"https:\/\/camaleoparty.ch\/de\/wp-json\/wp\/v2\/media\/28504"}],"wp:attachment":[{"href":"https:\/\/camaleoparty.ch\/de\/wp-json\/wp\/v2\/media?parent=28506"}],"wp:term":[{"taxonomy":"product_cat","embeddable":true,"href":"https:\/\/camaleoparty.ch\/de\/wp-json\/wp\/v2\/product_cat?post=28506"},{"taxonomy":"product_tag","embeddable":true,"href":"https:\/\/camaleoparty.ch\/de\/wp-json\/wp\/v2\/product_tag?post=28506"}],"curies":[{"name":"wp","href":"https:\/\/api.w.org\/{rel}","templated":true}]}}