{"id":28480,"date":"2019-07-11T16:46:11","date_gmt":"2019-07-11T15:48:21","guid":{"rendered":"https:\/\/pikasworld.ch\/?post_type=product&#038;p=28480"},"modified":"2024-11-08T14:04:11","modified_gmt":"2024-11-08T13:04:11","slug":"tortenstecker-aus-papier-mr-mrs-gold-metallic","status":"publish","type":"product","link":"https:\/\/camaleoparty.ch\/de\/produkt\/tortenstecker-aus-papier-mr-mrs-gold-metallic\/","title":{"rendered":"Tortenstecker aus Papier &#8222;Mr &#038; Mrs&#8220; &#8211; gold metallic"},"content":{"rendered":"<p>Schm\u00fccken Sie Ihre Hochzeitstorte oder Kuchen auf dem Sweet Table mit dem romantischen Tortenstecker in edler metallic-goldener Script-Optik. Mit seinem geschwungenen Schriftzug &#8222;Mr &amp; Mrs&#8220; verk\u00fcndet der Cake Topper das freudige Ereignis der Hochzeit. Das Script aus stabilem Papier gl\u00e4nzt golden, die R\u00fcckseite ist wei\u00df. Auf zwei Holz-Sticks befestigt, findet der Tortenstecker in weichem Untergrund festen Halt.<\/p>\n<p>Gr\u00f6\u00dfe des Schriftzuges: ca. 14 x 15,3 cm<\/p>\n<p>L\u00e4nge der Holzsticks: ca. 12 cm<\/p>\n","protected":false},"excerpt":{"rendered":"<p>Schm\u00fccken Sie Ihre Hochzeitstorte oder Kuchen auf dem Sweet Table mit dem romantischen Tortenstecker in edler metallic-goldener Script-Optik. Mit seinem geschwungenen Schriftzug &#8222;Mr &amp; Mrs&#8220; verk\u00fcndet der Cake Topper das freudige Ereignis der Hochzeit. Das Script aus stabilem Papier gl\u00e4nzt golden, die R\u00fcckseite ist wei\u00df. Auf zwei Holz-Sticks befestigt, findet der Tortenstecker in weichem Untergrund festen Halt.<\/p>\n<p>Gr\u00f6\u00dfe des Schriftzuges: ca. 14 x 15,3 cm<\/p>\n<p>L\u00e4nge der Holzsticks: ca. 12 cm<\/p>\n","protected":false},"featured_media":28478,"comment_status":"open","ping_status":"closed","template":"","meta":[],"product_cat":[151,191,1198,1199,181,147],"product_tag":[],"class_list":{"0":"post-28480","1":"product","2":"type-product","3":"status-publish","4":"has-post-thumbnail","6":"product_cat-cake-toppers-de","7":"product_cat-hochzeit","8":"product_cat-hochzeit-de","9":"product_cat-hochzeit-de-2","10":"product_cat-saisonal","11":"product_cat-verjaardags-en-feesttafelversieringen","13":"first","14":"instock","15":"taxable","16":"shipping-taxable","17":"purchasable","18":"product-type-simple"},"_links":{"self":[{"href":"https:\/\/camaleoparty.ch\/de\/wp-json\/wp\/v2\/product\/28480","targetHints":{"allow":["GET"]}}],"collection":[{"href":"https:\/\/camaleoparty.ch\/de\/wp-json\/wp\/v2\/product"}],"about":[{"href":"https:\/\/camaleoparty.ch\/de\/wp-json\/wp\/v2\/types\/product"}],"replies":[{"embeddable":true,"href":"https:\/\/camaleoparty.ch\/de\/wp-json\/wp\/v2\/comments?post=28480"}],"wp:featuredmedia":[{"embeddable":true,"href":"https:\/\/camaleoparty.ch\/de\/wp-json\/wp\/v2\/media\/28478"}],"wp:attachment":[{"href":"https:\/\/camaleoparty.ch\/de\/wp-json\/wp\/v2\/media?parent=28480"}],"wp:term":[{"taxonomy":"product_cat","embeddable":true,"href":"https:\/\/camaleoparty.ch\/de\/wp-json\/wp\/v2\/product_cat?post=28480"},{"taxonomy":"product_tag","embeddable":true,"href":"https:\/\/camaleoparty.ch\/de\/wp-json\/wp\/v2\/product_tag?post=28480"}],"curies":[{"name":"wp","href":"https:\/\/api.w.org\/{rel}","templated":true}]}}