{"id":28432,"date":"2019-07-11T14:35:00","date_gmt":"2019-07-11T13:44:39","guid":{"rendered":"https:\/\/pikasworld.ch\/?post_type=product&#038;p=28432"},"modified":"2024-11-08T14:04:19","modified_gmt":"2024-11-08T13:04:19","slug":"diy-wimpelgirlande-baby-girl-175-m","status":"publish","type":"product","link":"https:\/\/camaleoparty.ch\/de\/produkt\/diy-wimpelgirlande-baby-girl-175-m\/","title":{"rendered":"DIY-Wimpel girlande &#8222;Baby Girl&#8220; 1,75 m"},"content":{"rendered":"<p>Girlanden bewirken Wunder! Auch diese sch\u00f6ne Wimpelgirlande in Pink, Rosa und Wei\u00df mit gl\u00e4nzendem Gold-Schriftzug &#8222;Baby Girl&#8220; wird Ihre Partydekoration zur Babyparty oder zum Geburtstag aufpeppen.<\/p>\n<p>Die einseitig bedruckten Wimpel bestehen aus stabilem Papier und sind am oberen Rand jeweils mit 2 L\u00f6chern versehen, durch die das wei\u00dfe Satinband (2,5 m lang) von Ihnen hindurchgef\u00e4delt wird.<\/p>\n<p>Die Wimpel ergeben zusammen den Schriftzug \u201eBaby Girl\u201c, auf dem Wimpel im Wortzwischenraum ist ein kleines Herzchen gedruckt.<\/p>\n<p>Ma\u00dfe der Wimpel: 11,5 x 15 cm<\/p>\n<p>Girlandenl\u00e4nge: 1,75 m<\/p>\n<p>Inhalt: 13 Wimpel, 1 Satinband<\/p>\n","protected":false},"excerpt":{"rendered":"<p>Diese h\u00fcbsche Girlande in Pink, Rosa und Wei\u00df mit dem goldgl\u00e4nzenden Schriftzug &#8222;Baby Girl&#8220; peppt jede Baby- oder Geburtstagsfeier auf.<\/p>\n","protected":false},"featured_media":28430,"comment_status":"open","ping_status":"closed","template":"","meta":[],"product_cat":[185,1286,163,175,181],"product_tag":[],"class_list":{"0":"post-28432","1":"product","2":"type-product","3":"status-publish","4":"has-post-thumbnail","6":"product_brand-partydeco-de","7":"product_cat-baby-shower-de","8":"product_cat-banner-und-wimpel","9":"product_cat-dekoration","10":"product_cat-girlanden","11":"product_cat-saisonal","13":"first","14":"instock","15":"taxable","16":"shipping-taxable","17":"purchasable","18":"product-type-simple"},"_links":{"self":[{"href":"https:\/\/camaleoparty.ch\/de\/wp-json\/wp\/v2\/product\/28432","targetHints":{"allow":["GET"]}}],"collection":[{"href":"https:\/\/camaleoparty.ch\/de\/wp-json\/wp\/v2\/product"}],"about":[{"href":"https:\/\/camaleoparty.ch\/de\/wp-json\/wp\/v2\/types\/product"}],"replies":[{"embeddable":true,"href":"https:\/\/camaleoparty.ch\/de\/wp-json\/wp\/v2\/comments?post=28432"}],"wp:featuredmedia":[{"embeddable":true,"href":"https:\/\/camaleoparty.ch\/de\/wp-json\/wp\/v2\/media\/28430"}],"wp:attachment":[{"href":"https:\/\/camaleoparty.ch\/de\/wp-json\/wp\/v2\/media?parent=28432"}],"wp:term":[{"taxonomy":"product_cat","embeddable":true,"href":"https:\/\/camaleoparty.ch\/de\/wp-json\/wp\/v2\/product_cat?post=28432"},{"taxonomy":"product_tag","embeddable":true,"href":"https:\/\/camaleoparty.ch\/de\/wp-json\/wp\/v2\/product_tag?post=28432"}],"curies":[{"name":"wp","href":"https:\/\/api.w.org\/{rel}","templated":true}]}}