{"id":28426,"date":"2019-07-11T14:12:00","date_gmt":"2019-07-11T13:16:30","guid":{"rendered":"https:\/\/pikasworld.ch\/?post_type=product&#038;p=28426"},"modified":"2024-11-08T14:04:21","modified_gmt":"2024-11-08T13:04:21","slug":"diy-girlande-one-glitter-silber-50-cm","status":"publish","type":"product","link":"https:\/\/camaleoparty.ch\/de\/produkt\/diy-girlande-one-glitter-silber-50-cm\/","title":{"rendered":"DIY-Girlande &#8222;One&#8220; &#8211; glitter silber &#8211; 50 cm"},"content":{"rendered":"<p>Feiern Sie das gro\u00dfartige Ereignis des ersten Geburtstags Ihres Kindes mit dieser wundersch\u00f6n glitzernden \u201eOne\u201c Girlande in angesagtem Silber. Dekorieren Sie mit dem feierlichen Schriftzug die Candy Bar oder den Geschenketisch und lassen Sie es silbern funkeln!<\/p>\n<p>Der Schriftzug wird links und rechts von zwei h\u00fcbschen Stern-Motiven geziert.<\/p>\n<p>Die Sterne und die einzelnen Buchstaben bestehen aus beidseitig beschichtetem Papier und glitzern ebenfalls beidseitig. Sie sind am oberen Rand mit kleinen L\u00f6chern versehen, durch die der beigef\u00fcgte transparente Nylon-Faden von Ihnen gef\u00e4delt wird.<\/p>\n<p>Ma\u00dfe der Buchstaben: ca. 8,8 x 11,6 cm<\/p>\n<p>Girlandenl\u00e4nge: 50 cm<\/p>\n","protected":false},"excerpt":{"rendered":"<p>Feiern Sie das gro\u00dfartige Ereignis des ersten Geburtstags Ihres Kindes mit dieser wundersch\u00f6n glitzernden \u201eOne\u201c Girlande in angesagtem Silber. Dekorieren Sie mit dem feierlichen Schriftzug die Candy Bar oder den Geschenketisch und lassen Sie es silbern funkeln!<\/p>\n","protected":false},"featured_media":28424,"comment_status":"open","ping_status":"closed","template":"","meta":[],"product_cat":[183,163,181,1214],"product_tag":[],"class_list":{"0":"post-28426","1":"product","2":"type-product","3":"status-publish","4":"has-post-thumbnail","6":"product_cat-geburtstag","7":"product_cat-dekoration","8":"product_cat-saisonal","9":"product_cat-farbe-silber","11":"first","12":"instock","13":"taxable","14":"shipping-taxable","15":"purchasable","16":"product-type-simple"},"_links":{"self":[{"href":"https:\/\/camaleoparty.ch\/de\/wp-json\/wp\/v2\/product\/28426","targetHints":{"allow":["GET"]}}],"collection":[{"href":"https:\/\/camaleoparty.ch\/de\/wp-json\/wp\/v2\/product"}],"about":[{"href":"https:\/\/camaleoparty.ch\/de\/wp-json\/wp\/v2\/types\/product"}],"replies":[{"embeddable":true,"href":"https:\/\/camaleoparty.ch\/de\/wp-json\/wp\/v2\/comments?post=28426"}],"wp:featuredmedia":[{"embeddable":true,"href":"https:\/\/camaleoparty.ch\/de\/wp-json\/wp\/v2\/media\/28424"}],"wp:attachment":[{"href":"https:\/\/camaleoparty.ch\/de\/wp-json\/wp\/v2\/media?parent=28426"}],"wp:term":[{"taxonomy":"product_cat","embeddable":true,"href":"https:\/\/camaleoparty.ch\/de\/wp-json\/wp\/v2\/product_cat?post=28426"},{"taxonomy":"product_tag","embeddable":true,"href":"https:\/\/camaleoparty.ch\/de\/wp-json\/wp\/v2\/product_tag?post=28426"}],"curies":[{"name":"wp","href":"https:\/\/api.w.org\/{rel}","templated":true}]}}