{"id":28368,"date":"2025-07-04T12:38:00","date_gmt":"2019-07-04T11:45:34","guid":{"rendered":"https:\/\/pikasworld.ch\/?post_type=product&#038;p=28368"},"modified":"2025-08-21T10:18:20","modified_gmt":"2025-08-21T09:18:20","slug":"kleine-pappteller-mit-goldrand-rosa","status":"publish","type":"product","link":"https:\/\/camaleoparty.ch\/de\/produkt\/kleine-pappteller-mit-goldrand-rosa\/","title":{"rendered":"Partyteller hellrosa, 6er-Set"},"content":{"rendered":"<p>F\u00fcr eine trendige Party sind diese h\u00fcbschen rosa und goldenen Pappteller genau das Richtige!<\/p>\n<p>Diese Pappteller werden in einem Set von 6 St\u00fcck verkauft und haben einen Durchmesser von 18 cm. Sie sind ideal, um darauf S\u00fc\u00dfigkeiten oder ein sch\u00f6nes St\u00fcck Kuchen zu servieren.<\/p>\n<p>Sie haben eine h\u00fcbsche Aussparung in Form von kleinen goldenen Bl\u00fctenbl\u00e4ttern.<\/p>\n<dl class=\"data-sheet\">\n<dt class=\"name\">Durchmesser :<\/dt>\n<dd class=\"value\">18 cm<\/dd>\n<\/dl>\n","protected":false},"excerpt":{"rendered":"<p>F\u00fcr eine trendige Party sind diese h\u00fcbschen rosa und goldenen Pappteller genau das Richtige!<\/p>\n<p>Diese Pappteller werden im Set von 6 St\u00fcck verkauft und haben einen Durchmesser von 18 cm. Sie sind ideal, um S\u00fc\u00dfigkeiten oder ein sch\u00f6nes St\u00fcck Kuchen darauf zu platzieren.<\/p>\n<p>Sie haben eine h\u00fcbsche Aussparung in Form von kleinen goldenen Bl\u00fctenbl\u00e4ttern.<\/p>\n<dl class=\"data-sheet\">\n<dt class=\"name\">Durchmesser :<\/dt>\n<dd class=\"value\">18 cm<\/dd>\n<\/dl>\n","protected":false},"featured_media":28366,"comment_status":"open","ping_status":"closed","template":"","meta":[],"product_cat":[1204,185,385,1212,742,591,181,149,147],"product_tag":[],"class_list":{"0":"post-28368","1":"product","2":"type-product","3":"status-publish","4":"has-post-thumbnail","6":"product_brand-partydeco-de","7":"product_cat-rosa","8":"product_cat-baby-shower-de","9":"product_cat-gender-reveal-party-de","10":"product_cat-goldfarben","11":"product_cat-katze","12":"product_cat-prinzessin-de","13":"product_cat-saisonal","14":"product_cat-teller","15":"product_cat-verjaardags-en-feesttafelversieringen","16":"pa_couleur-rose","18":"first","19":"instock","20":"taxable","21":"shipping-taxable","22":"purchasable","23":"product-type-simple"},"_links":{"self":[{"href":"https:\/\/camaleoparty.ch\/de\/wp-json\/wp\/v2\/product\/28368","targetHints":{"allow":["GET"]}}],"collection":[{"href":"https:\/\/camaleoparty.ch\/de\/wp-json\/wp\/v2\/product"}],"about":[{"href":"https:\/\/camaleoparty.ch\/de\/wp-json\/wp\/v2\/types\/product"}],"replies":[{"embeddable":true,"href":"https:\/\/camaleoparty.ch\/de\/wp-json\/wp\/v2\/comments?post=28368"}],"wp:featuredmedia":[{"embeddable":true,"href":"https:\/\/camaleoparty.ch\/de\/wp-json\/wp\/v2\/media\/28366"}],"wp:attachment":[{"href":"https:\/\/camaleoparty.ch\/de\/wp-json\/wp\/v2\/media?parent=28368"}],"wp:term":[{"taxonomy":"product_cat","embeddable":true,"href":"https:\/\/camaleoparty.ch\/de\/wp-json\/wp\/v2\/product_cat?post=28368"},{"taxonomy":"product_tag","embeddable":true,"href":"https:\/\/camaleoparty.ch\/de\/wp-json\/wp\/v2\/product_tag?post=28368"}],"curies":[{"name":"wp","href":"https:\/\/api.w.org\/{rel}","templated":true}]}}