{"id":28319,"date":"2019-06-26T18:50:00","date_gmt":"2019-06-26T17:53:59","guid":{"rendered":"https:\/\/pikasworld.ch\/?post_type=product&#038;p=28319"},"modified":"2024-11-08T14:04:35","modified_gmt":"2024-11-08T13:04:35","slug":"diy-wimpelgirlande-baby-boy","status":"publish","type":"product","link":"https:\/\/camaleoparty.ch\/de\/produkt\/diy-wimpelgirlande-baby-boy\/","title":{"rendered":"DIY-Wimpelgirlande &#8222;Baby Boy&#8220;"},"content":{"rendered":"<p>Girlanden bewirken Wunder! Auch diese sch\u00f6ne Wimpelgirlande in Dunkelblau, Hellblau und Wei\u00df mit gl\u00e4nzendem Gold-Schriftzug &#8222;Baby Boy&#8220; wird Ihre Partydekoration zur Babyparty oder zum Geburtstag aufpeppen.<\/p>\n<p>Die einseitig bedruckten Wimpel bestehen aus stabilem Papier und sind am oberen Rand jeweils mit 2 L\u00f6chern versehen, durch die das wei\u00dfe Satinband (2,5 m lang) von Ihnen hindurchgef\u00e4delt wird.<\/p>\n<p>Die Wimpel ergeben zusammen den Schriftzug \u201eBaby Boy\u201c, auf dem Wimpel im Wortzwischenraum ist ein kleiner Stern gedruckt.<\/p>\n<p>Ma\u00dfe der Wimpel: 11,5 x 15 cm<\/p>\n<p>Girlandenl\u00e4nge: 1,60 m<\/p>\n<p>Inhalt: 12 Wimpel, 1 Satinband<\/p>\n","protected":false},"excerpt":{"rendered":"<p>Girlanden bewirken Wunder! Auch diese sch\u00f6ne Wimpelgirlande in Dunkelblau, Hellblau und Wei\u00df mit gl\u00e4nzendem Gold-Schriftzug &#8222;Baby Boy&#8220; wird Ihre Partydekoration zur Babyparty oder zum Geburtstag aufpeppen.<\/p>\n<p>Die einseitig bedruckten Wimpel bestehen aus stabilem Papier und sind am oberen Rand jeweils mit 2 L\u00f6chern versehen, durch die das wei\u00dfe Satinband (2,5 m lang) von Ihnen hindurchgef\u00e4delt wird.<\/p>\n<p>Die Wimpel ergeben zusammen den Schriftzug \u201eBaby Boy\u201c, auf dem Wimpel im Wortzwischenraum ist ein kleiner Stern gedruckt.<\/p>\n<p>Ma\u00dfe der Wimpel: 11,5 x 15 cm<\/p>\n<p>Girlandenl\u00e4nge: 1,60 m<\/p>\n<p>Inhalt: 12 Wimpel, 1 Satinband<\/p>\n","protected":false},"featured_media":28317,"comment_status":"open","ping_status":"closed","template":"","meta":[],"product_cat":[185,163,385,181],"product_tag":[],"class_list":{"0":"post-28319","1":"product","2":"type-product","3":"status-publish","4":"has-post-thumbnail","6":"product_brand-partydeco-de","7":"product_cat-baby-shower-de","8":"product_cat-dekoration","9":"product_cat-gender-reveal-party-de","10":"product_cat-saisonal","12":"first","13":"instock","14":"taxable","15":"shipping-taxable","16":"purchasable","17":"product-type-simple"},"_links":{"self":[{"href":"https:\/\/camaleoparty.ch\/de\/wp-json\/wp\/v2\/product\/28319","targetHints":{"allow":["GET"]}}],"collection":[{"href":"https:\/\/camaleoparty.ch\/de\/wp-json\/wp\/v2\/product"}],"about":[{"href":"https:\/\/camaleoparty.ch\/de\/wp-json\/wp\/v2\/types\/product"}],"replies":[{"embeddable":true,"href":"https:\/\/camaleoparty.ch\/de\/wp-json\/wp\/v2\/comments?post=28319"}],"wp:featuredmedia":[{"embeddable":true,"href":"https:\/\/camaleoparty.ch\/de\/wp-json\/wp\/v2\/media\/28317"}],"wp:attachment":[{"href":"https:\/\/camaleoparty.ch\/de\/wp-json\/wp\/v2\/media?parent=28319"}],"wp:term":[{"taxonomy":"product_cat","embeddable":true,"href":"https:\/\/camaleoparty.ch\/de\/wp-json\/wp\/v2\/product_cat?post=28319"},{"taxonomy":"product_tag","embeddable":true,"href":"https:\/\/camaleoparty.ch\/de\/wp-json\/wp\/v2\/product_tag?post=28319"}],"curies":[{"name":"wp","href":"https:\/\/api.w.org\/{rel}","templated":true}]}}