{"id":28290,"date":"2019-06-26T12:48:00","date_gmt":"2019-06-26T11:51:26","guid":{"rendered":"https:\/\/pikasworld.ch\/?post_type=product&#038;p=28290"},"modified":"2024-11-08T14:04:39","modified_gmt":"2024-11-08T13:04:39","slug":"cupcake-picks-aloha-party-6-stueck","status":"publish","type":"product","link":"https:\/\/camaleoparty.ch\/de\/produkt\/cupcake-picks-aloha-party-6-stueck\/","title":{"rendered":"Cupcake-Picks &#8222;Aloha Party&#8220; &#8211; 6 St\u00fcck"},"content":{"rendered":"<p>Pfiffige Eyecatcher auf Ihrer tropischen Aloha Party sind diese Cupcake-Picks in Form von Ananasbl\u00e4ttern!<\/p>\n<p>Die dunkelgr\u00fcnen Ananasbl\u00e4tter sind aus festem Papier. Sechs Bl\u00e4tter sind an Holzpieksern befestigt. Besonders entz\u00fcckend an dieser Partydeko ist die Dreidimensionalit\u00e4t der Picks: Dazu schieben Sie ganz einfach zwei lose Ananasbl\u00e4tter in den Schlitz des Blattes mit dem Holzpiekser und biegen die Bl\u00e4tter auf &#8211; fertig sind die beeindruckenden 3-D-Stecker und Ihre perfekte sommerliche Tischdeko!<\/p>\n<p>Gr\u00f6\u00dfe der Bl\u00e4tter: ca. 11 x 11,5 cm<br \/>\nL\u00e4nge mit Holzpiekser: ca. 16 cm<\/p>\n<p>Inhalt: 6 St\u00fcck<\/p>\n","protected":false},"excerpt":{"rendered":"<p>Pfiffige Eyecatcher auf Ihrer tropischen Aloha Party sind diese Cupcake-Picks in Form von Ananasbl\u00e4ttern!<\/p>\n<p>Die dunkelgr\u00fcnen Ananasbl\u00e4tter sind aus festem Papier. Sechs Bl\u00e4tter sind an Holzpieksern befestigt. Besonders entz\u00fcckend an dieser Partydeko ist die Dreidimensionalit\u00e4t der Picks: Dazu schieben Sie ganz einfach zwei lose Ananasbl\u00e4tter in den Schlitz des Blattes mit dem Holzpiekser und biegen die Bl\u00e4tter auf &#8211; fertig sind die beeindruckenden 3-D-Stecker und Ihre perfekte sommerliche Tischdeko!<\/p>\n<p>Gr\u00f6\u00dfe der Bl\u00e4tter: ca. 11 x 11,5 cm<br \/>\nL\u00e4nge mit Holzpiekser: ca. 16 cm<\/p>\n<p>Inhalt: 6 St\u00fcck<\/p>\n","protected":false},"featured_media":28288,"comment_status":"open","ping_status":"closed","template":"","meta":[],"product_cat":[151,343,327,181,189,1010,147],"product_tag":[],"class_list":{"0":"post-28290","1":"product","2":"type-product","3":"status-publish","4":"has-post-thumbnail","6":"product_brand-partydeco-de","7":"product_cat-cake-toppers-de","8":"product_cat-dschungel-und-safari","9":"product_cat-kochen","10":"product_cat-saisonal","11":"product_cat-sommer","12":"product_cat-tropical-de","13":"product_cat-verjaardags-en-feesttafelversieringen","15":"first","16":"instock","17":"taxable","18":"shipping-taxable","19":"purchasable","20":"product-type-simple"},"_links":{"self":[{"href":"https:\/\/camaleoparty.ch\/de\/wp-json\/wp\/v2\/product\/28290","targetHints":{"allow":["GET"]}}],"collection":[{"href":"https:\/\/camaleoparty.ch\/de\/wp-json\/wp\/v2\/product"}],"about":[{"href":"https:\/\/camaleoparty.ch\/de\/wp-json\/wp\/v2\/types\/product"}],"replies":[{"embeddable":true,"href":"https:\/\/camaleoparty.ch\/de\/wp-json\/wp\/v2\/comments?post=28290"}],"wp:featuredmedia":[{"embeddable":true,"href":"https:\/\/camaleoparty.ch\/de\/wp-json\/wp\/v2\/media\/28288"}],"wp:attachment":[{"href":"https:\/\/camaleoparty.ch\/de\/wp-json\/wp\/v2\/media?parent=28290"}],"wp:term":[{"taxonomy":"product_cat","embeddable":true,"href":"https:\/\/camaleoparty.ch\/de\/wp-json\/wp\/v2\/product_cat?post=28290"},{"taxonomy":"product_tag","embeddable":true,"href":"https:\/\/camaleoparty.ch\/de\/wp-json\/wp\/v2\/product_tag?post=28290"}],"curies":[{"name":"wp","href":"https:\/\/api.w.org\/{rel}","templated":true}]}}