{"id":28284,"date":"2019-06-26T12:25:00","date_gmt":"2019-06-26T11:32:23","guid":{"rendered":"https:\/\/pikasworld.ch\/?post_type=product&#038;p=28284"},"modified":"2024-11-08T14:04:42","modified_gmt":"2024-11-08T13:04:42","slug":"gaestebuch-rosa-gold","status":"publish","type":"product","link":"https:\/\/camaleoparty.ch\/de\/produkt\/gaestebuch-rosa-gold\/","title":{"rendered":"G\u00e4stebuch Rosa \/ Gold"},"content":{"rendered":"<p>Sie denken gerne an die alten Zeiten zur\u00fcck? Dann ist dieses G\u00e4stebuch in Rosa genau das Richtige f\u00fcr Sie.<\/p>\n<p>Auf 44 blanko Seiten k\u00f6nnen Familie und Freunde auf Familienfeiern und Geburtstagen eine kleine Notiz hinterlassen oder Fotos hineinkleben. Ihre Erinnerungen sind in diesem wundersch\u00f6n designten Buch bestens aufgehoben und k\u00f6nnen immer wieder von Ihnen durchgebl\u00e4ttert werden. Vorne auf dem Rosaroten Buchdeckel steht in romantisch verschn\u00f6rkelten Lettern \u201eGuest Book\u201c geschrieben. Die Buchstaben gl\u00e4nzen in chicem Gold und machen das G\u00e4stebuch zu einem absoluten Must Have zum Beispiel auf Hochzeiten und Taufen.<\/p>\n<p>Das Hard-Cover G\u00e4stebuch mit wei\u00dfen Seiten aus dickerem Papier wird Ihnen in einer Schachtel aus Kraftpapier mit Klarsicht-Deckel geliefert und eignet sich so auch wunderbar zum Verschenken.<\/p>\n<p>Ma\u00dfe: 20 x 24,5 cm<\/p>\n","protected":false},"excerpt":{"rendered":"<p>Sie denken gerne an die alten Zeiten zur\u00fcck? Dann ist dieses G\u00e4stebuch in Rosa genau das Richtige f\u00fcr Sie.<\/p>\n","protected":false},"featured_media":28282,"comment_status":"open","ping_status":"closed","template":"","meta":[],"product_cat":[403,391,191,199,1204,181],"product_tag":[],"class_list":{"0":"post-28284","1":"product","2":"type-product","3":"status-publish","4":"has-post-thumbnail","6":"product_cat-gaestebuch","7":"product_cat-hen-party-polter-abend","8":"product_cat-hochzeit","9":"product_cat-papierwaren","10":"product_cat-rosa","11":"product_cat-saisonal","13":"first","14":"instock","15":"taxable","16":"shipping-taxable","17":"purchasable","18":"product-type-simple"},"_links":{"self":[{"href":"https:\/\/camaleoparty.ch\/de\/wp-json\/wp\/v2\/product\/28284","targetHints":{"allow":["GET"]}}],"collection":[{"href":"https:\/\/camaleoparty.ch\/de\/wp-json\/wp\/v2\/product"}],"about":[{"href":"https:\/\/camaleoparty.ch\/de\/wp-json\/wp\/v2\/types\/product"}],"replies":[{"embeddable":true,"href":"https:\/\/camaleoparty.ch\/de\/wp-json\/wp\/v2\/comments?post=28284"}],"wp:featuredmedia":[{"embeddable":true,"href":"https:\/\/camaleoparty.ch\/de\/wp-json\/wp\/v2\/media\/28282"}],"wp:attachment":[{"href":"https:\/\/camaleoparty.ch\/de\/wp-json\/wp\/v2\/media?parent=28284"}],"wp:term":[{"taxonomy":"product_cat","embeddable":true,"href":"https:\/\/camaleoparty.ch\/de\/wp-json\/wp\/v2\/product_cat?post=28284"},{"taxonomy":"product_tag","embeddable":true,"href":"https:\/\/camaleoparty.ch\/de\/wp-json\/wp\/v2\/product_tag?post=28284"}],"curies":[{"name":"wp","href":"https:\/\/api.w.org\/{rel}","templated":true}]}}