{"id":28237,"date":"2019-06-19T15:17:00","date_gmt":"2019-06-19T14:21:14","guid":{"rendered":"https:\/\/pikasworld.ch\/?post_type=product&#038;p=28237"},"modified":"2024-11-08T14:04:44","modified_gmt":"2024-11-08T13:04:44","slug":"girlande-piraten-party","status":"publish","type":"product","link":"https:\/\/camaleoparty.ch\/de\/produkt\/girlande-piraten-party\/","title":{"rendered":"Girlande Piraten Party"},"content":{"rendered":"<p>Wundersch\u00f6ne Papiergirlande rot-schwarz f\u00fcr deine Piraten-Party. Die perfekte Deko-Idee f\u00fcr Ihre Party!<\/p>\n<p>L\u00e4nge: ca. 1 m<\/p>\n","protected":false},"excerpt":{"rendered":"<p>Wundersch\u00f6ne Papiergirlande rot-schwarz f\u00fcr deine Piraten-Party. Die perfekte Deko-Idee f\u00fcr Ihre Party!<\/p>\n<p>L\u00e4nge: ca. 1 m<\/p>\n","protected":false},"featured_media":28235,"comment_status":"open","ping_status":"closed","template":"","meta":[],"product_cat":[163,175,225],"product_tag":[],"class_list":{"0":"post-28237","1":"product","2":"type-product","3":"status-publish","4":"has-post-thumbnail","6":"product_cat-dekoration","7":"product_cat-girlanden","8":"product_cat-piraten","10":"first","11":"instock","12":"taxable","13":"shipping-taxable","14":"purchasable","15":"product-type-simple"},"_links":{"self":[{"href":"https:\/\/camaleoparty.ch\/de\/wp-json\/wp\/v2\/product\/28237","targetHints":{"allow":["GET"]}}],"collection":[{"href":"https:\/\/camaleoparty.ch\/de\/wp-json\/wp\/v2\/product"}],"about":[{"href":"https:\/\/camaleoparty.ch\/de\/wp-json\/wp\/v2\/types\/product"}],"replies":[{"embeddable":true,"href":"https:\/\/camaleoparty.ch\/de\/wp-json\/wp\/v2\/comments?post=28237"}],"wp:featuredmedia":[{"embeddable":true,"href":"https:\/\/camaleoparty.ch\/de\/wp-json\/wp\/v2\/media\/28235"}],"wp:attachment":[{"href":"https:\/\/camaleoparty.ch\/de\/wp-json\/wp\/v2\/media?parent=28237"}],"wp:term":[{"taxonomy":"product_cat","embeddable":true,"href":"https:\/\/camaleoparty.ch\/de\/wp-json\/wp\/v2\/product_cat?post=28237"},{"taxonomy":"product_tag","embeddable":true,"href":"https:\/\/camaleoparty.ch\/de\/wp-json\/wp\/v2\/product_tag?post=28237"}],"curies":[{"name":"wp","href":"https:\/\/api.w.org\/{rel}","templated":true}]}}