{"id":28045,"date":"2023-09-09T15:25:38","date_gmt":"2019-06-13T14:34:46","guid":{"rendered":"https:\/\/pikasworld.ch\/?post_type=product&#038;p=28045"},"modified":"2024-11-08T13:53:07","modified_gmt":"2024-11-08T12:53:07","slug":"spitzenbaender-weiss-2-stueck","status":"publish","type":"product","link":"https:\/\/camaleoparty.ch\/de\/produkt\/spitzenbaender-weiss-2-stueck\/","title":{"rendered":"Spitzenb\u00e4nder weiss 2 St\u00fcck"},"content":{"rendered":"<p>Verzieren Sie mit diesen beiden wundersch\u00f6nen wei\u00dfen Spitzenb\u00e4ndern im H\u00e4kel-Look Ihre Geschenke zur Hochzeit oder einem anderen feierlichen Anlass oder schm\u00fccken Sie damit Ihre Gastgeschenke. Sie k\u00f6nnen die Spitzenb\u00e4nder auch als h\u00fcbsche Deko-Details verwenden, indem Sie damit Gegenst\u00e4nde, wie beispielsweise Gl\u00e4ser oder Flaschen, verzieren.<\/p>\n<p>Das schmale Spitzenband hat eine gerade und eine gebogene Kante, das breite Band ein wellenf\u00f6rmiges Muster sowie Zackenr\u00e4nder.<\/p>\n<p>Die beiden wei\u00dfen Spitzen-B\u00e4nder sind aus Baumwolle und jeweils 1,5 m lang.<\/p>\n<p>Breiten: 2 cm und 3,5 cm<\/p>\n<p>Inhalt: 2 St\u00fcck<\/p>\n","protected":false},"excerpt":{"rendered":"<p>Verzieren Sie mit diesen beiden wundersch\u00f6nen wei\u00dfen Spitzenb\u00e4ndern im H\u00e4kel-Look Ihre Geschenke zur Hochzeit oder einem anderen feierlichen Anlass oder schm\u00fccken Sie damit Ihre Gastgeschenke. Sie k\u00f6nnen die Spitzenb\u00e4nder auch als h\u00fcbsche Deko-Details verwenden, indem Sie damit Gegenst\u00e4nde, wie beispielsweise Gl\u00e4ser oder Flaschen, verzieren.<\/p>\n","protected":false},"featured_media":28043,"comment_status":"open","ping_status":"closed","template":"","meta":[],"product_cat":[185,163,191,199,181,203],"product_tag":[],"class_list":{"0":"post-28045","1":"product","2":"type-product","3":"status-publish","4":"has-post-thumbnail","6":"product_cat-baby-shower-de","7":"product_cat-dekoration","8":"product_cat-hochzeit","9":"product_cat-papierwaren","10":"product_cat-saisonal","11":"product_cat-verschiedene-verpackungen","13":"first","14":"instock","15":"featured","16":"taxable","17":"shipping-taxable","18":"purchasable","19":"product-type-simple"},"_links":{"self":[{"href":"https:\/\/camaleoparty.ch\/de\/wp-json\/wp\/v2\/product\/28045","targetHints":{"allow":["GET"]}}],"collection":[{"href":"https:\/\/camaleoparty.ch\/de\/wp-json\/wp\/v2\/product"}],"about":[{"href":"https:\/\/camaleoparty.ch\/de\/wp-json\/wp\/v2\/types\/product"}],"replies":[{"embeddable":true,"href":"https:\/\/camaleoparty.ch\/de\/wp-json\/wp\/v2\/comments?post=28045"}],"wp:featuredmedia":[{"embeddable":true,"href":"https:\/\/camaleoparty.ch\/de\/wp-json\/wp\/v2\/media\/28043"}],"wp:attachment":[{"href":"https:\/\/camaleoparty.ch\/de\/wp-json\/wp\/v2\/media?parent=28045"}],"wp:term":[{"taxonomy":"product_cat","embeddable":true,"href":"https:\/\/camaleoparty.ch\/de\/wp-json\/wp\/v2\/product_cat?post=28045"},{"taxonomy":"product_tag","embeddable":true,"href":"https:\/\/camaleoparty.ch\/de\/wp-json\/wp\/v2\/product_tag?post=28045"}],"curies":[{"name":"wp","href":"https:\/\/api.w.org\/{rel}","templated":true}]}}