{"id":27791,"date":"2019-05-19T21:08:00","date_gmt":"2019-05-20T10:06:21","guid":{"rendered":"https:\/\/pikasworld.ch\/?post_type=product&#038;p=27791"},"modified":"2024-11-08T14:05:39","modified_gmt":"2024-11-08T13:05:39","slug":"tischkarten-mit-rosegold-palmblaettern","status":"publish","type":"product","link":"https:\/\/camaleoparty.ch\/de\/produkt\/tischkarten-mit-rosegold-palmblaettern\/","title":{"rendered":"Tischkarten mit Rosegold Palmbl\u00e4ttern"},"content":{"rendered":"<p>10 Tischkarten mit Rosegold Palmbl\u00e4ttern 9x5cm perfekt f\u00fcr eine Hochzeit oder einen Geburtstag<\/p>\n","protected":false},"excerpt":{"rendered":"<p>10 Tischkarten mit Rosegold Palmbl\u00e4ttern 9x5cm perfekt f\u00fcr eine Hochzeit oder einen Geburtstag<\/p>\n","protected":false},"featured_media":27788,"comment_status":"open","ping_status":"closed","template":"","meta":[],"product_cat":[155,391,191,895,914,1204,181,147],"product_tag":[],"class_list":{"0":"post-27791","1":"product","2":"type-product","3":"status-publish","4":"has-post-thumbnail","6":"product_cat-diverses","7":"product_cat-hen-party-polter-abend","8":"product_cat-hochzeit","9":"product_cat-lagerabbau","10":"product_cat-marke-platz","11":"product_cat-rosa","12":"product_cat-saisonal","13":"product_cat-verjaardags-en-feesttafelversieringen","15":"first","16":"instock","17":"sale","18":"taxable","19":"shipping-taxable","20":"purchasable","21":"product-type-simple"},"_links":{"self":[{"href":"https:\/\/camaleoparty.ch\/de\/wp-json\/wp\/v2\/product\/27791","targetHints":{"allow":["GET"]}}],"collection":[{"href":"https:\/\/camaleoparty.ch\/de\/wp-json\/wp\/v2\/product"}],"about":[{"href":"https:\/\/camaleoparty.ch\/de\/wp-json\/wp\/v2\/types\/product"}],"replies":[{"embeddable":true,"href":"https:\/\/camaleoparty.ch\/de\/wp-json\/wp\/v2\/comments?post=27791"}],"wp:featuredmedia":[{"embeddable":true,"href":"https:\/\/camaleoparty.ch\/de\/wp-json\/wp\/v2\/media\/27788"}],"wp:attachment":[{"href":"https:\/\/camaleoparty.ch\/de\/wp-json\/wp\/v2\/media?parent=27791"}],"wp:term":[{"taxonomy":"product_cat","embeddable":true,"href":"https:\/\/camaleoparty.ch\/de\/wp-json\/wp\/v2\/product_cat?post=27791"},{"taxonomy":"product_tag","embeddable":true,"href":"https:\/\/camaleoparty.ch\/de\/wp-json\/wp\/v2\/product_tag?post=27791"}],"curies":[{"name":"wp","href":"https:\/\/api.w.org\/{rel}","templated":true}]}}