{"id":27778,"date":"2019-05-19T15:03:00","date_gmt":"2019-05-19T18:32:24","guid":{"rendered":"https:\/\/pikasworld.ch\/?post_type=product&#038;p=27778"},"modified":"2024-11-08T14:05:41","modified_gmt":"2024-11-08T13:05:41","slug":"einladungskarten-palmblaetter-dunkelblau-und-gold","status":"publish","type":"product","link":"https:\/\/camaleoparty.ch\/de\/produkt\/einladungskarten-palmblaetter-dunkelblau-und-gold\/","title":{"rendered":"Einladungskarten Palmbl\u00e4tter Dunkelblau und Gold"},"content":{"rendered":"<p>10 Einladungskarten in Dunkelblau mit goldenen Palmbl\u00e4ttern mit Umschlag. Perfekt f\u00fcr eine Hochzeitseinladung und auch eine Geburtstagseinladung.<\/p>\n<p>&nbsp;<\/p>\n<p>14.8 cm x 10.5cm<\/p>\n","protected":false},"excerpt":{"rendered":"<p>10 Einladungskarten in Dunkelblau mit goldenen Palmbl\u00e4ttern mit Umschlag. Perfekt f\u00fcr eine Hochzeitseinladung und auch eine Geburtstagseinladung.<\/p>\n<p>&nbsp;<\/p>\n<p>14.8 cm x 10.5cm<\/p>\n","protected":false},"featured_media":27775,"comment_status":"open","ping_status":"closed","template":"","meta":[],"product_cat":[555,1213,395,554,183,191,199,181],"product_tag":[],"class_list":{"0":"post-27778","1":"product","2":"type-product","3":"status-publish","4":"has-post-thumbnail","6":"product_brand-artyfetes-de","7":"product_cat-sale-de-2","8":"product_cat-farbe-blau","9":"product_cat-einladungen","10":"product_cat-fruhling","11":"product_cat-geburtstag","12":"product_cat-hochzeit","13":"product_cat-papierwaren","14":"product_cat-saisonal","16":"first","17":"instock","18":"sale","19":"taxable","20":"shipping-taxable","21":"purchasable","22":"product-type-simple"},"_links":{"self":[{"href":"https:\/\/camaleoparty.ch\/de\/wp-json\/wp\/v2\/product\/27778","targetHints":{"allow":["GET"]}}],"collection":[{"href":"https:\/\/camaleoparty.ch\/de\/wp-json\/wp\/v2\/product"}],"about":[{"href":"https:\/\/camaleoparty.ch\/de\/wp-json\/wp\/v2\/types\/product"}],"replies":[{"embeddable":true,"href":"https:\/\/camaleoparty.ch\/de\/wp-json\/wp\/v2\/comments?post=27778"}],"wp:featuredmedia":[{"embeddable":true,"href":"https:\/\/camaleoparty.ch\/de\/wp-json\/wp\/v2\/media\/27775"}],"wp:attachment":[{"href":"https:\/\/camaleoparty.ch\/de\/wp-json\/wp\/v2\/media?parent=27778"}],"wp:term":[{"taxonomy":"product_cat","embeddable":true,"href":"https:\/\/camaleoparty.ch\/de\/wp-json\/wp\/v2\/product_cat?post=27778"},{"taxonomy":"product_tag","embeddable":true,"href":"https:\/\/camaleoparty.ch\/de\/wp-json\/wp\/v2\/product_tag?post=27778"}],"curies":[{"name":"wp","href":"https:\/\/api.w.org\/{rel}","templated":true}]}}