{"id":27734,"date":"2019-05-15T13:58:45","date_gmt":"2019-05-15T13:03:34","guid":{"rendered":"https:\/\/pikasworld.ch\/?post_type=product&#038;p=27734"},"modified":"2024-11-08T14:05:50","modified_gmt":"2024-11-08T13:05:50","slug":"anhaenger-etiketten-dunkelblau-rosegold","status":"publish","type":"product","link":"https:\/\/camaleoparty.ch\/de\/produkt\/anhaenger-etiketten-dunkelblau-rosegold\/","title":{"rendered":"Anh\u00e4nger, Etiketten Dunkelblau Ros\u00e9gold"},"content":{"rendered":"<p>10 Anh\u00e4nger Dunkelblau Rosegold Farn<\/p>\n","protected":false},"excerpt":{"rendered":"<p>10 Anh\u00e4nger Dunkelblau Rosegold Farn<\/p>\n","protected":false},"featured_media":27732,"comment_status":"open","ping_status":"closed","template":"","meta":[],"product_cat":[205,191,199,181,555,193],"product_tag":[],"class_list":{"0":"post-27734","1":"product","2":"type-product","3":"status-publish","4":"has-post-thumbnail","6":"product_brand-artyfetes-de","7":"product_cat-geschenk-anhaenger","8":"product_cat-hochzeit","9":"product_cat-papierwaren","10":"product_cat-saisonal","11":"product_cat-sale-de-2","12":"product_cat-weihnachten","14":"first","15":"instock","16":"sale","17":"taxable","18":"shipping-taxable","19":"purchasable","20":"product-type-simple"},"_links":{"self":[{"href":"https:\/\/camaleoparty.ch\/de\/wp-json\/wp\/v2\/product\/27734","targetHints":{"allow":["GET"]}}],"collection":[{"href":"https:\/\/camaleoparty.ch\/de\/wp-json\/wp\/v2\/product"}],"about":[{"href":"https:\/\/camaleoparty.ch\/de\/wp-json\/wp\/v2\/types\/product"}],"replies":[{"embeddable":true,"href":"https:\/\/camaleoparty.ch\/de\/wp-json\/wp\/v2\/comments?post=27734"}],"wp:featuredmedia":[{"embeddable":true,"href":"https:\/\/camaleoparty.ch\/de\/wp-json\/wp\/v2\/media\/27732"}],"wp:attachment":[{"href":"https:\/\/camaleoparty.ch\/de\/wp-json\/wp\/v2\/media?parent=27734"}],"wp:term":[{"taxonomy":"product_cat","embeddable":true,"href":"https:\/\/camaleoparty.ch\/de\/wp-json\/wp\/v2\/product_cat?post=27734"},{"taxonomy":"product_tag","embeddable":true,"href":"https:\/\/camaleoparty.ch\/de\/wp-json\/wp\/v2\/product_tag?post=27734"}],"curies":[{"name":"wp","href":"https:\/\/api.w.org\/{rel}","templated":true}]}}