{"id":27435,"date":"2019-04-17T12:19:39","date_gmt":"2019-04-17T11:24:34","guid":{"rendered":"https:\/\/pikasworld.ch\/?post_type=product&#038;p=27435"},"modified":"2024-11-08T14:07:37","modified_gmt":"2024-11-08T13:07:37","slug":"tischlaeufer-fuchsia","status":"publish","type":"product","link":"https:\/\/camaleoparty.ch\/de\/produkt\/tischlaeufer-fuchsia\/","title":{"rendered":"Tischl\u00e4ufer Fuchsia"},"content":{"rendered":"<p>Toller Tischl\u00e4ufer aus Vlies in Fuchsia. Sieht h\u00fcbsch an einer Hochzeit oder einem Hochzeits-Ap\u00e9ro aus, eignet sich aber auch super als Tischl\u00e4ufer an einer Mottoparty wie beispielsweise einer Prinzessinnen-Party.<\/p>\n<p><strong>Inhalt:<\/strong> 1 Tischl\u00e4ufer Vlies, Fuchsia<br \/>\n<strong>Gr\u00f6sse:<\/strong> ca. 30cm x 5 Meter<\/p>\n","protected":false},"excerpt":{"rendered":"<p>Toller Tischl\u00e4ufer aus Vlies in Fuchsia. Sieht h\u00fcbsch an einer Hochzeit oder einem Hochzeits-Ap\u00e9ro aus, eignet sich aber auch super als Tischl\u00e4ufer an einer Mottoparty wie beispielsweise einer Prinzessinnen-Party.<\/p>\n<p><strong>Inhalt:<\/strong> 1 Tischl\u00e4ufer Vlies, Fuchsia<br \/>\n<strong>Gr\u00f6sse:<\/strong> ca. 30cm x 5 Meter<\/p>\n","protected":false},"featured_media":27433,"comment_status":"open","ping_status":"closed","template":"","meta":[],"product_cat":[388,147],"product_tag":[],"class_list":{"0":"post-27435","1":"product","2":"type-product","3":"status-publish","4":"has-post-thumbnail","6":"product_cat-tischdecken-und-laeufer","7":"product_cat-verjaardags-en-feesttafelversieringen","9":"first","10":"instock","11":"taxable","12":"shipping-taxable","13":"purchasable","14":"product-type-simple"},"_links":{"self":[{"href":"https:\/\/camaleoparty.ch\/de\/wp-json\/wp\/v2\/product\/27435","targetHints":{"allow":["GET"]}}],"collection":[{"href":"https:\/\/camaleoparty.ch\/de\/wp-json\/wp\/v2\/product"}],"about":[{"href":"https:\/\/camaleoparty.ch\/de\/wp-json\/wp\/v2\/types\/product"}],"replies":[{"embeddable":true,"href":"https:\/\/camaleoparty.ch\/de\/wp-json\/wp\/v2\/comments?post=27435"}],"wp:featuredmedia":[{"embeddable":true,"href":"https:\/\/camaleoparty.ch\/de\/wp-json\/wp\/v2\/media\/27433"}],"wp:attachment":[{"href":"https:\/\/camaleoparty.ch\/de\/wp-json\/wp\/v2\/media?parent=27435"}],"wp:term":[{"taxonomy":"product_cat","embeddable":true,"href":"https:\/\/camaleoparty.ch\/de\/wp-json\/wp\/v2\/product_cat?post=27435"},{"taxonomy":"product_tag","embeddable":true,"href":"https:\/\/camaleoparty.ch\/de\/wp-json\/wp\/v2\/product_tag?post=27435"}],"curies":[{"name":"wp","href":"https:\/\/api.w.org\/{rel}","templated":true}]}}