{"id":27293,"date":"2019-04-15T13:25:42","date_gmt":"2019-04-15T12:31:00","guid":{"rendered":"https:\/\/pikasworld.ch\/?post_type=product&#038;p=27293"},"modified":"2024-11-08T14:07:50","modified_gmt":"2024-11-08T13:07:50","slug":"team-bride-ballons","status":"publish","type":"product","link":"https:\/\/camaleoparty.ch\/de\/produkt\/team-bride-ballons\/","title":{"rendered":"Team Bride Ballons"},"content":{"rendered":"<p>Dieser s\u00fc\u00dfe Ballons mit dem Schriftzug &#8222;Team Bride&#8220; sind perfekt f\u00fcr einen Junggesellinnenabschied.<\/p>\n<p>Es wird ein Set mit insgesamt 10 Ballons geliefert<\/p>\n<p>Gr\u00f6\u00dfe ca. 30 cm<\/p>\n","protected":false},"excerpt":{"rendered":"<p>Dieser s\u00fc\u00dfe Ballons mit dem Schriftzug &#8222;Team Bride&#8220; sind perfekt f\u00fcr einen Junggesellinnenabschied.<\/p>\n<p>Es wird ein Set mit insgesamt 10 Ballons geliefert<\/p>\n<p>Gr\u00f6\u00dfe ca. 30 cm<\/p>\n","protected":false},"featured_media":27291,"comment_status":"open","ping_status":"closed","template":"","meta":[],"product_cat":[165,163,391,181],"product_tag":[],"class_list":{"0":"post-27293","1":"product","2":"type-product","3":"status-publish","4":"has-post-thumbnail","6":"product_cat-ballone","7":"product_cat-dekoration","8":"product_cat-hen-party-polter-abend","9":"product_cat-saisonal","11":"first","12":"instock","13":"taxable","14":"shipping-taxable","15":"purchasable","16":"product-type-simple"},"_links":{"self":[{"href":"https:\/\/camaleoparty.ch\/de\/wp-json\/wp\/v2\/product\/27293","targetHints":{"allow":["GET"]}}],"collection":[{"href":"https:\/\/camaleoparty.ch\/de\/wp-json\/wp\/v2\/product"}],"about":[{"href":"https:\/\/camaleoparty.ch\/de\/wp-json\/wp\/v2\/types\/product"}],"replies":[{"embeddable":true,"href":"https:\/\/camaleoparty.ch\/de\/wp-json\/wp\/v2\/comments?post=27293"}],"wp:featuredmedia":[{"embeddable":true,"href":"https:\/\/camaleoparty.ch\/de\/wp-json\/wp\/v2\/media\/27291"}],"wp:attachment":[{"href":"https:\/\/camaleoparty.ch\/de\/wp-json\/wp\/v2\/media?parent=27293"}],"wp:term":[{"taxonomy":"product_cat","embeddable":true,"href":"https:\/\/camaleoparty.ch\/de\/wp-json\/wp\/v2\/product_cat?post=27293"},{"taxonomy":"product_tag","embeddable":true,"href":"https:\/\/camaleoparty.ch\/de\/wp-json\/wp\/v2\/product_tag?post=27293"}],"curies":[{"name":"wp","href":"https:\/\/api.w.org\/{rel}","templated":true}]}}