{"id":27278,"date":"2019-04-15T12:12:05","date_gmt":"2019-04-15T11:13:52","guid":{"rendered":"https:\/\/pikasworld.ch\/?post_type=product&#038;p=27278"},"modified":"2024-11-08T14:07:52","modified_gmt":"2024-11-08T13:07:52","slug":"streudeko-einhorn","status":"publish","type":"product","link":"https:\/\/camaleoparty.ch\/de\/produkt\/streudeko-einhorn\/","title":{"rendered":"Streudeko, Einhorn"},"content":{"rendered":"<p>Buntes Einhorn Konfetti\u00a0 f\u00fcr eine deine Regenbogen bunte Papierdeko auf deinem Partytisch oder Deinem Buffet. Diese Streudeko Konfettis sehen toll auf dem Geburststagstisch aus oder verschliessen als kleine Anh\u00e4nger Deine Mitgebselt\u00fcte. Genauso gut k\u00f6nnen Sie auch der Einladung ins Kuvert gesteckt werden, zur Vorfreude aller kleinen Partyg\u00e4ste.<\/p>\n<p><strong>Inhalt:<\/strong> Mini Einhorn Streudeko aus Karton<br \/>\n<strong>Gr\u00f6sse:<\/strong> ca. 3.4 x 2.5 cm &#8211; 15 g<\/p>\n","protected":false},"excerpt":{"rendered":"<p>Buntes Einhorn Konfetti\u00a0 f\u00fcr eine deine Regenbogen bunte Papierdeko auf deinem Partytisch oder Deinem Buffet. Diese Streudeko Konfettis sehen toll auf dem Geburststagstisch aus oder verschliessen als kleine Anh\u00e4nger Deine Mitgebselt\u00fcte. Genauso gut k\u00f6nnen Sie auch der Einladung ins Kuvert gesteckt werden, zur Vorfreude aller kleinen Partyg\u00e4ste.<\/p>\n<p><strong>Inhalt:<\/strong> Mini Einhorn Streudeko aus Karton<br \/>\n<strong>Gr\u00f6sse:<\/strong> ca. 3.4 x 2.5 cm &#8211; 15 g<\/p>\n","protected":false},"featured_media":27281,"comment_status":"open","ping_status":"closed","template":"","meta":[],"product_cat":[163,221,171],"product_tag":[],"class_list":{"0":"post-27278","1":"product","2":"type-product","3":"status-publish","4":"has-post-thumbnail","6":"product_cat-dekoration","7":"product_cat-einhorn","8":"product_cat-konfetti","10":"first","11":"instock","12":"sale","13":"taxable","14":"shipping-taxable","15":"purchasable","16":"product-type-simple"},"_links":{"self":[{"href":"https:\/\/camaleoparty.ch\/de\/wp-json\/wp\/v2\/product\/27278","targetHints":{"allow":["GET"]}}],"collection":[{"href":"https:\/\/camaleoparty.ch\/de\/wp-json\/wp\/v2\/product"}],"about":[{"href":"https:\/\/camaleoparty.ch\/de\/wp-json\/wp\/v2\/types\/product"}],"replies":[{"embeddable":true,"href":"https:\/\/camaleoparty.ch\/de\/wp-json\/wp\/v2\/comments?post=27278"}],"wp:featuredmedia":[{"embeddable":true,"href":"https:\/\/camaleoparty.ch\/de\/wp-json\/wp\/v2\/media\/27281"}],"wp:attachment":[{"href":"https:\/\/camaleoparty.ch\/de\/wp-json\/wp\/v2\/media?parent=27278"}],"wp:term":[{"taxonomy":"product_cat","embeddable":true,"href":"https:\/\/camaleoparty.ch\/de\/wp-json\/wp\/v2\/product_cat?post=27278"},{"taxonomy":"product_tag","embeddable":true,"href":"https:\/\/camaleoparty.ch\/de\/wp-json\/wp\/v2\/product_tag?post=27278"}],"curies":[{"name":"wp","href":"https:\/\/api.w.org\/{rel}","templated":true}]}}