{"id":27231,"date":"2024-12-29T13:15:00","date_gmt":"2019-04-12T20:59:29","guid":{"rendered":"https:\/\/pikasworld.ch\/?post_type=product&#038;p=27231"},"modified":"2024-12-29T13:15:57","modified_gmt":"2024-12-29T12:15:57","slug":"ballon-set-konfetti-rosa","status":"publish","type":"product","link":"https:\/\/camaleoparty.ch\/de\/produkt\/ballon-set-konfetti-rosa\/","title":{"rendered":"Ballon-Set, Konfetti rosa"},"content":{"rendered":"<p>Tolles 5er-Set an gedruckten Konfetti Ballonen &#8211; so sind die Konfettis genau so verteilt, wie man es m\u00f6chte &#8211; \u00fcber den ganzen Ballon, egal ob mit Luft oder Helium bef\u00fcllt.<\/p>\n<p>Pinkfisch hat Helium zum Kostenpreis\u00a0bzw. Aufblashilfen zum Mieten f\u00fcr Deinen n\u00e4chsten Anlass &#8211; schreib uns einfach kurz ein Mail auf shop@pinkfisch.com.<\/p>\n<p><strong>Inhalt:<\/strong> 5 Ballone weiss mit Konfetti Druck<br \/>\n<strong>Gr\u00f6sse:<\/strong> ca. 28cm Durchmesser (aufgeblasen)<\/p>\n<p><strong>Achtung:<\/strong>\u00a0Nicht f\u00fcr Kinder unter 3 Jahren geeignet!\u00a0Unaufgeblasene Ballons ausser Reichweite von Babys und Kleinkindern aufbewahren, sowie trocken und vor Sonnenlicht gesch\u00fctzt lagern.<\/p>\n","protected":false},"excerpt":{"rendered":"<p>Tolles 5er-Set an gedruckten Konfetti Ballonen &#8211; so sind die Konfettis genau so verteilt, wie man es m\u00f6chte \u00a0\u00fcber den ganzen Ballon, egal ob mit Luft oder Helium bef\u00fcllt.<\/p>\n","protected":false},"featured_media":27229,"comment_status":"open","ping_status":"closed","template":"","meta":[],"product_cat":[185,165,163,183,742,1171,591,1204,181,1166],"product_tag":[],"class_list":{"0":"post-27231","1":"product","2":"type-product","3":"status-publish","4":"has-post-thumbnail","6":"product_brand-mylittleday-de","7":"product_cat-baby-shower-de","8":"product_cat-ballone","9":"product_cat-dekoration","10":"product_cat-geburtstag","11":"product_cat-katze","12":"product_cat-maerchen","13":"product_cat-prinzessin-de","14":"product_cat-rosa","15":"product_cat-saisonal","16":"product_cat-valentinstag","18":"first","19":"instock","20":"taxable","21":"shipping-taxable","22":"purchasable","23":"product-type-simple"},"_links":{"self":[{"href":"https:\/\/camaleoparty.ch\/de\/wp-json\/wp\/v2\/product\/27231","targetHints":{"allow":["GET"]}}],"collection":[{"href":"https:\/\/camaleoparty.ch\/de\/wp-json\/wp\/v2\/product"}],"about":[{"href":"https:\/\/camaleoparty.ch\/de\/wp-json\/wp\/v2\/types\/product"}],"replies":[{"embeddable":true,"href":"https:\/\/camaleoparty.ch\/de\/wp-json\/wp\/v2\/comments?post=27231"}],"wp:featuredmedia":[{"embeddable":true,"href":"https:\/\/camaleoparty.ch\/de\/wp-json\/wp\/v2\/media\/27229"}],"wp:attachment":[{"href":"https:\/\/camaleoparty.ch\/de\/wp-json\/wp\/v2\/media?parent=27231"}],"wp:term":[{"taxonomy":"product_cat","embeddable":true,"href":"https:\/\/camaleoparty.ch\/de\/wp-json\/wp\/v2\/product_cat?post=27231"},{"taxonomy":"product_tag","embeddable":true,"href":"https:\/\/camaleoparty.ch\/de\/wp-json\/wp\/v2\/product_tag?post=27231"}],"curies":[{"name":"wp","href":"https:\/\/api.w.org\/{rel}","templated":true}]}}