{"id":27201,"date":"2025-11-12T21:01:17","date_gmt":"2025-11-12T20:01:17","guid":{"rendered":"https:\/\/pikasworld.ch\/?post_type=product&#038;p=27201"},"modified":"2025-12-19T18:50:25","modified_gmt":"2025-12-19T17:50:25","slug":"dekorative-papier-blaetter","status":"publish","type":"product","link":"https:\/\/camaleoparty.ch\/de\/produkt\/dekorative-papier-blaetter\/","title":{"rendered":"DEKORATIVE BL\u00c4TTER &#8211; HERBST"},"content":{"rendered":"<p>F\u00fcr eine Party mit koloriertem Ambiente setzen Sie also voll auf dekorative Bl\u00e4tter. Sie sind vorgestanzt und Sie k\u00f6nnen sie auf einem Tisch aufstellen, an die Wand kleben oder in eine Ballonarche einf\u00fcgen. Ob f\u00fcr eine Sommerparty, einen Rotk\u00e4ppchen-Geburtstag oder eine Thanksgiving-Party, sie werden perfekt sein.<\/p>\n<p>Jede Packung enth\u00e4lt 12 Bl\u00e4tter im A4-Format mit verschiedenen Formen und Farben.<\/p>\n","protected":false},"excerpt":{"rendered":"<p>F\u00fcr eine Party mit koloriertem Ambiente setzen Sie also voll auf dekorative Bl\u00e4tter. Sie sind vorgestanzt und Sie k\u00f6nnen sie auf einem Tisch aufstellen, an die Wand kleben oder in eine Ballonarche einf\u00fcgen. Ob f\u00fcr eine Sommerparty, einen Rotk\u00e4ppchen-Geburtstag oder eine Thanksgiving-Party, sie werden perfekt sein.<\/p>\n<p>Jede Packung enth\u00e4lt 12 Bl\u00e4tter im A4-Format mit verschiedenen Formen und Farben.<\/p>\n","protected":false},"featured_media":27198,"comment_status":"open","ping_status":"closed","template":"","meta":[],"product_cat":[132,163,215,142,555],"product_tag":[],"class_list":{"0":"post-27201","1":"product","2":"type-product","3":"status-publish","4":"has-post-thumbnail","6":"product_cat-animationen","7":"product_cat-dekoration","8":"product_cat-dinosaurier","9":"product_cat-photo-booth-de","10":"product_cat-sale-de-2","12":"first","13":"instock","14":"sale","15":"taxable","16":"shipping-taxable","17":"purchasable","18":"product-type-simple"},"_links":{"self":[{"href":"https:\/\/camaleoparty.ch\/de\/wp-json\/wp\/v2\/product\/27201","targetHints":{"allow":["GET"]}}],"collection":[{"href":"https:\/\/camaleoparty.ch\/de\/wp-json\/wp\/v2\/product"}],"about":[{"href":"https:\/\/camaleoparty.ch\/de\/wp-json\/wp\/v2\/types\/product"}],"replies":[{"embeddable":true,"href":"https:\/\/camaleoparty.ch\/de\/wp-json\/wp\/v2\/comments?post=27201"}],"wp:featuredmedia":[{"embeddable":true,"href":"https:\/\/camaleoparty.ch\/de\/wp-json\/wp\/v2\/media\/27198"}],"wp:attachment":[{"href":"https:\/\/camaleoparty.ch\/de\/wp-json\/wp\/v2\/media?parent=27201"}],"wp:term":[{"taxonomy":"product_cat","embeddable":true,"href":"https:\/\/camaleoparty.ch\/de\/wp-json\/wp\/v2\/product_cat?post=27201"},{"taxonomy":"product_tag","embeddable":true,"href":"https:\/\/camaleoparty.ch\/de\/wp-json\/wp\/v2\/product_tag?post=27201"}],"curies":[{"name":"wp","href":"https:\/\/api.w.org\/{rel}","templated":true}]}}