{"id":27107,"date":"2019-04-10T14:09:00","date_gmt":"2019-04-10T13:11:52","guid":{"rendered":"https:\/\/pikasworld.ch\/?post_type=product&#038;p=27107"},"modified":"2024-11-08T14:08:11","modified_gmt":"2024-11-08T13:08:11","slug":"servietten-safari-tiergesichter","status":"publish","type":"product","link":"https:\/\/camaleoparty.ch\/de\/produkt\/servietten-safari-tiergesichter\/","title":{"rendered":"Servietten Safari Tiergesichter"},"content":{"rendered":"<p>Herzige Servietten mit Tiger und seinen Freunden. S\u00fcss f\u00fcr einen fr\u00f6hlich Safari oder Tier-Geburtstag.<\/p>\n<p>Die Servietten lassen sich wunderbar mit anderen Artikeln der gleichen Linie kombinieren.<\/p>\n<p><strong>Inhalt:<\/strong> 20 Papierservietten, mit 4 Tiergesichter Sujets<br \/>\n<strong>Durchmesser:<\/strong> 25 x 25 cm (offen)<\/p>\n","protected":false},"excerpt":{"rendered":"<p>Herzige Servietten mit Tiger und seinen Freunden. S\u00fcss f\u00fcr einen fr\u00f6hlich Safari oder Tier-Geburtstag.<\/p>\n<p>Die Servietten lassen sich wunderbar mit anderen Artikeln der gleichen Linie kombinieren.<\/p>\n<p><strong>Inhalt:<\/strong> 20 Papierservietten, mit 4 Tiergesichter Sujets<br \/>\n<strong>Durchmesser:<\/strong> 25 x 25 cm (offen)<\/p>\n","protected":false},"featured_media":27105,"comment_status":"open","ping_status":"closed","template":"","meta":[],"product_cat":[343,895,161,147],"product_tag":[],"class_list":{"0":"post-27107","1":"product","2":"type-product","3":"status-publish","4":"has-post-thumbnail","6":"product_brand-mylittleday-de","7":"product_cat-dschungel-und-safari","8":"product_cat-lagerabbau","9":"product_cat-servietten","10":"product_cat-verjaardags-en-feesttafelversieringen","12":"first","13":"instock","14":"taxable","15":"shipping-taxable","16":"purchasable","17":"product-type-simple"},"_links":{"self":[{"href":"https:\/\/camaleoparty.ch\/de\/wp-json\/wp\/v2\/product\/27107","targetHints":{"allow":["GET"]}}],"collection":[{"href":"https:\/\/camaleoparty.ch\/de\/wp-json\/wp\/v2\/product"}],"about":[{"href":"https:\/\/camaleoparty.ch\/de\/wp-json\/wp\/v2\/types\/product"}],"replies":[{"embeddable":true,"href":"https:\/\/camaleoparty.ch\/de\/wp-json\/wp\/v2\/comments?post=27107"}],"wp:featuredmedia":[{"embeddable":true,"href":"https:\/\/camaleoparty.ch\/de\/wp-json\/wp\/v2\/media\/27105"}],"wp:attachment":[{"href":"https:\/\/camaleoparty.ch\/de\/wp-json\/wp\/v2\/media?parent=27107"}],"wp:term":[{"taxonomy":"product_cat","embeddable":true,"href":"https:\/\/camaleoparty.ch\/de\/wp-json\/wp\/v2\/product_cat?post=27107"},{"taxonomy":"product_tag","embeddable":true,"href":"https:\/\/camaleoparty.ch\/de\/wp-json\/wp\/v2\/product_tag?post=27107"}],"curies":[{"name":"wp","href":"https:\/\/api.w.org\/{rel}","templated":true}]}}