{"id":27101,"date":"2019-04-10T13:54:18","date_gmt":"2019-04-10T12:59:37","guid":{"rendered":"https:\/\/pikasworld.ch\/?post_type=product&#038;p=27101"},"modified":"2024-11-08T14:08:13","modified_gmt":"2024-11-08T13:08:13","slug":"teller-safari-tiergesichter","status":"publish","type":"product","link":"https:\/\/camaleoparty.ch\/de\/produkt\/teller-safari-tiergesichter\/","title":{"rendered":"Teller Safari Tiergesichter"},"content":{"rendered":"<p>Herzige Teller mit Katzen-Designs. Vier unterschiedliche, herzige Katzenarten schm\u00fccken diesen Geburtstagstisch. Ganz s\u00fcss und fr\u00f6hlich f\u00fcr einen stilvollen Katzen-Tiger-L\u00f6wen-Geburtstag.<\/p>\n<p>Die Teller lassen sich wunderbar mit unseren Bechern, Strohhalmen und Geschenkt\u00fcten kombinieren.<\/p>\n<p><strong>Inhalt:<\/strong> 8 hochwertige, gl\u00e4nzend bedruckte Papierteller<br \/>\n<strong>Durchmesser:<\/strong> 17 cm<\/p>\n","protected":false},"excerpt":{"rendered":"<p>Herzige Teller mit Katzen-Designs. Vier unterschiedliche, herzige Katzenarten schm\u00fccken diesen Geburtstagstisch. Ganz s\u00fcss und fr\u00f6hlich f\u00fcr einen stilvollen Katzen-Tiger-L\u00f6wen-Geburtstag.<\/p>\n<p>Die Teller lassen sich wunderbar mit unseren Bechern, Strohhalmen und Geschenkt\u00fcten kombinieren.<\/p>\n<p><strong>Inhalt:<\/strong> 8 hochwertige, gl\u00e4nzend bedruckte Papierteller<br \/>\n<strong>Durchmesser:<\/strong> 17 cm<\/p>\n","protected":false},"featured_media":27099,"comment_status":"open","ping_status":"closed","template":"","meta":[],"product_cat":[343,149,147],"product_tag":[],"class_list":{"0":"post-27101","1":"product","2":"type-product","3":"status-publish","4":"has-post-thumbnail","6":"product_cat-dschungel-und-safari","7":"product_cat-teller","8":"product_cat-verjaardags-en-feesttafelversieringen","10":"first","11":"instock","12":"taxable","13":"shipping-taxable","14":"purchasable","15":"product-type-simple"},"_links":{"self":[{"href":"https:\/\/camaleoparty.ch\/de\/wp-json\/wp\/v2\/product\/27101","targetHints":{"allow":["GET"]}}],"collection":[{"href":"https:\/\/camaleoparty.ch\/de\/wp-json\/wp\/v2\/product"}],"about":[{"href":"https:\/\/camaleoparty.ch\/de\/wp-json\/wp\/v2\/types\/product"}],"replies":[{"embeddable":true,"href":"https:\/\/camaleoparty.ch\/de\/wp-json\/wp\/v2\/comments?post=27101"}],"wp:featuredmedia":[{"embeddable":true,"href":"https:\/\/camaleoparty.ch\/de\/wp-json\/wp\/v2\/media\/27099"}],"wp:attachment":[{"href":"https:\/\/camaleoparty.ch\/de\/wp-json\/wp\/v2\/media?parent=27101"}],"wp:term":[{"taxonomy":"product_cat","embeddable":true,"href":"https:\/\/camaleoparty.ch\/de\/wp-json\/wp\/v2\/product_cat?post=27101"},{"taxonomy":"product_tag","embeddable":true,"href":"https:\/\/camaleoparty.ch\/de\/wp-json\/wp\/v2\/product_tag?post=27101"}],"curies":[{"name":"wp","href":"https:\/\/api.w.org\/{rel}","templated":true}]}}