{"id":26667,"date":"2019-03-12T13:59:13","date_gmt":"2019-03-12T13:03:48","guid":{"rendered":"https:\/\/pikasworld.ch\/?post_type=product&#038;p=26667"},"modified":"2024-11-08T14:08:53","modified_gmt":"2024-11-08T13:08:53","slug":"konfetti-baby-rossegold","status":"publish","type":"product","link":"https:\/\/camaleoparty.ch\/de\/produkt\/konfetti-baby-rossegold\/","title":{"rendered":"Konfetti Baby Rossegold"},"content":{"rendered":"<p>Oh Baby, Baby! Streuen Sie die wunderbaren \u201eBaby\u201c Schriftz\u00fcge in gl\u00e4nzendem Metallic Rosegold \u00fcber Tische und andere gro\u00dfe Fl\u00e4chen, um sie schnell und einfach z.B. f\u00fcr die Babyparty in neutralen Farben zu dekorieren.<\/p>\n<p>Die Konfetti-Schriftz\u00fcge gl\u00e4nzen beidseitig in der sch\u00f6nen Trendfarbe und bestehen aus foliertem festem Papier.<\/p>\n<p>Gr\u00f6\u00dfe: 5 x 3,5 cm<\/p>\n<p>Inhalt: 14 g<\/p>\n","protected":false},"excerpt":{"rendered":"<p>Oh Baby, Baby! Streuen Sie die wunderbaren \u201eBaby\u201c Schriftz\u00fcge in gl\u00e4nzendem Metallic Rosegold \u00fcber Tische und andere gro\u00dfe Fl\u00e4chen, um sie schnell und einfach z.B. f\u00fcr die Babyparty in neutralen Farben zu dekorieren.<\/p>\n<p>Die Konfetti-Schriftz\u00fcge gl\u00e4nzen beidseitig in der sch\u00f6nen Trendfarbe und bestehen aus foliertem festem Papier.<\/p>\n<p>Gr\u00f6\u00dfe: 5 x 3,5 cm<\/p>\n<p>Inhalt: 14 g<\/p>\n","protected":false},"featured_media":26665,"comment_status":"open","ping_status":"closed","template":"","meta":[],"product_cat":[185,163,385,171,181],"product_tag":[],"class_list":{"0":"post-26667","1":"product","2":"type-product","3":"status-publish","4":"has-post-thumbnail","6":"product_cat-baby-shower-de","7":"product_cat-dekoration","8":"product_cat-gender-reveal-party-de","9":"product_cat-konfetti","10":"product_cat-saisonal","12":"first","13":"instock","14":"taxable","15":"shipping-taxable","16":"purchasable","17":"product-type-simple"},"_links":{"self":[{"href":"https:\/\/camaleoparty.ch\/de\/wp-json\/wp\/v2\/product\/26667","targetHints":{"allow":["GET"]}}],"collection":[{"href":"https:\/\/camaleoparty.ch\/de\/wp-json\/wp\/v2\/product"}],"about":[{"href":"https:\/\/camaleoparty.ch\/de\/wp-json\/wp\/v2\/types\/product"}],"replies":[{"embeddable":true,"href":"https:\/\/camaleoparty.ch\/de\/wp-json\/wp\/v2\/comments?post=26667"}],"wp:featuredmedia":[{"embeddable":true,"href":"https:\/\/camaleoparty.ch\/de\/wp-json\/wp\/v2\/media\/26665"}],"wp:attachment":[{"href":"https:\/\/camaleoparty.ch\/de\/wp-json\/wp\/v2\/media?parent=26667"}],"wp:term":[{"taxonomy":"product_cat","embeddable":true,"href":"https:\/\/camaleoparty.ch\/de\/wp-json\/wp\/v2\/product_cat?post=26667"},{"taxonomy":"product_tag","embeddable":true,"href":"https:\/\/camaleoparty.ch\/de\/wp-json\/wp\/v2\/product_tag?post=26667"}],"curies":[{"name":"wp","href":"https:\/\/api.w.org\/{rel}","templated":true}]}}