{"id":26661,"date":"2019-03-12T11:21:25","date_gmt":"2019-03-12T10:25:03","guid":{"rendered":"https:\/\/pikasworld.ch\/?post_type=product&#038;p=26661"},"modified":"2024-11-08T14:08:57","modified_gmt":"2024-11-08T13:08:57","slug":"schaerpe-mummy-to-be-rose-gold-weiss","status":"publish","type":"product","link":"https:\/\/camaleoparty.ch\/de\/produkt\/schaerpe-mummy-to-be-rose-gold-weiss\/","title":{"rendered":"Sch\u00e4rpe Mummy to be rose gold weiss"},"content":{"rendered":"<p>Schm\u00fccken Sie sich als werdende Mami auf der Babyparty mit dieser wundersch\u00f6nen Sch\u00e4rpe in hellem Elfenbein und dem s\u00fc\u00dfem Schriftzug \u201eMommy to Be\u201c in gl\u00e4nzendem Rosegold!<\/p>\n<p>Der sch\u00f6ne Schriftzug ist im angesagten Handlettering-Stil auf den cremewei\u00dfen Untergrund gedruckt.<\/p>\n<p>Die Enden der Sch\u00e4rpe sind mit einem wei\u00dfen Satinband miteinander verbunden und k\u00f6nnen am Umfang der Mom to Be angepasst werden.<\/p>\n<p>Die Sch\u00e4rpe, aus strapazierf\u00e4higem Papier gefertigt, wird Ihnen in einer h\u00fcbschen Box mit transparentem Deckel geliefert.<\/p>\n<p>Ma\u00dfe: 10 cm breit x 75 cm bzw. 150 cm Umfang<\/p>\n<p>Das Satinband ist ca. 75 cm lang.<\/p>\n<p>Inhalt: 1 St\u00fcck<\/p>\n","protected":false},"excerpt":{"rendered":"<p>Schm\u00fccken Sie sich als werdende Mami auf der Babyparty mit dieser wundersch\u00f6nen Sch\u00e4rpe in hellem Elfenbein und dem s\u00fc\u00dfem Schriftzug \u201eMommy to Be\u201c in gl\u00e4nzendem Rosegold!<\/p>\n","protected":false},"featured_media":26659,"comment_status":"open","ping_status":"closed","template":"","meta":[],"product_cat":[185,385,181],"product_tag":[],"class_list":{"0":"post-26661","1":"product","2":"type-product","3":"status-publish","4":"has-post-thumbnail","6":"product_cat-baby-shower-de","7":"product_cat-gender-reveal-party-de","8":"product_cat-saisonal","10":"first","11":"instock","12":"taxable","13":"shipping-taxable","14":"purchasable","15":"product-type-simple"},"_links":{"self":[{"href":"https:\/\/camaleoparty.ch\/de\/wp-json\/wp\/v2\/product\/26661","targetHints":{"allow":["GET"]}}],"collection":[{"href":"https:\/\/camaleoparty.ch\/de\/wp-json\/wp\/v2\/product"}],"about":[{"href":"https:\/\/camaleoparty.ch\/de\/wp-json\/wp\/v2\/types\/product"}],"replies":[{"embeddable":true,"href":"https:\/\/camaleoparty.ch\/de\/wp-json\/wp\/v2\/comments?post=26661"}],"wp:featuredmedia":[{"embeddable":true,"href":"https:\/\/camaleoparty.ch\/de\/wp-json\/wp\/v2\/media\/26659"}],"wp:attachment":[{"href":"https:\/\/camaleoparty.ch\/de\/wp-json\/wp\/v2\/media?parent=26661"}],"wp:term":[{"taxonomy":"product_cat","embeddable":true,"href":"https:\/\/camaleoparty.ch\/de\/wp-json\/wp\/v2\/product_cat?post=26661"},{"taxonomy":"product_tag","embeddable":true,"href":"https:\/\/camaleoparty.ch\/de\/wp-json\/wp\/v2\/product_tag?post=26661"}],"curies":[{"name":"wp","href":"https:\/\/api.w.org\/{rel}","templated":true}]}}