{"id":26642,"date":"2019-03-12T10:14:00","date_gmt":"2019-03-12T09:16:32","guid":{"rendered":"https:\/\/pikasworld.ch\/?post_type=product&#038;p=26642"},"modified":"2024-11-08T14:09:00","modified_gmt":"2024-11-08T13:09:00","slug":"folienballon-girlande-baby-rosegold","status":"publish","type":"product","link":"https:\/\/camaleoparty.ch\/de\/produkt\/folienballon-girlande-baby-rosegold\/","title":{"rendered":"Folienballon Girlande Baby Rosegold"},"content":{"rendered":"<p>Dekorieren Sie Ihre Baby Shower mit dieser absolut hinrei\u00dfenden Folienballon-Girlande \u201eBaby\u201c und sorgen Sie f\u00fcr einen richtig tollen Hingucker in gl\u00e4nzendem Metallic Rosegold!<\/p>\n<p>F\u00fcr diesen h\u00fcbschen Ballon-Schriftzug ben\u00f6tigen Sie kein Helium: Die einzelnen Buchstaben (B, A, B, Y) werden auf den beigef\u00fcgten Faden aufgef\u00e4delt, um die fertige Girlande dann am gew\u00fcnschten Ort anzubringen.<\/p>\n<p>Die einzelnen Folienballon-Buchstaben werden mit Hilfe eines beiliegenden Plastikr\u00f6hrchens mit Luft bef\u00fcllt. Eine bebilderte Anleitung finden Sie auf der R\u00fcckseite der Verpackung.<\/p>\n<p>H\u00f6he: ca. 40 cm<\/p>\n<p>Bitte beachten Sie: Die Buchstaben-Ballons sind nur f\u00fcr eine F\u00fcllung mit Luft vorgesehen.<\/p>\n","protected":false},"excerpt":{"rendered":"<p>Dekorieren Sie Ihre Baby Shower mit dieser absolut hinrei\u00dfenden Folienballon-Girlande \u201eBaby\u201c und sorgen Sie f\u00fcr einen richtig tollen Hingucker in gl\u00e4nzendem Metallic Rosegold!<\/p>\n<p>&nbsp;<\/p>\n","protected":false},"featured_media":26640,"comment_status":"open","ping_status":"closed","template":"","meta":[],"product_cat":[185,283,163,385,181],"product_tag":[],"class_list":{"0":"post-26642","1":"product","2":"type-product","3":"status-publish","4":"has-post-thumbnail","6":"product_cat-baby-shower-de","7":"product_cat-ballons-buchstaben-und-zahlen","8":"product_cat-dekoration","9":"product_cat-gender-reveal-party-de","10":"product_cat-saisonal","12":"first","13":"instock","14":"sale","15":"taxable","16":"shipping-taxable","17":"purchasable","18":"product-type-simple"},"_links":{"self":[{"href":"https:\/\/camaleoparty.ch\/de\/wp-json\/wp\/v2\/product\/26642","targetHints":{"allow":["GET"]}}],"collection":[{"href":"https:\/\/camaleoparty.ch\/de\/wp-json\/wp\/v2\/product"}],"about":[{"href":"https:\/\/camaleoparty.ch\/de\/wp-json\/wp\/v2\/types\/product"}],"replies":[{"embeddable":true,"href":"https:\/\/camaleoparty.ch\/de\/wp-json\/wp\/v2\/comments?post=26642"}],"wp:featuredmedia":[{"embeddable":true,"href":"https:\/\/camaleoparty.ch\/de\/wp-json\/wp\/v2\/media\/26640"}],"wp:attachment":[{"href":"https:\/\/camaleoparty.ch\/de\/wp-json\/wp\/v2\/media?parent=26642"}],"wp:term":[{"taxonomy":"product_cat","embeddable":true,"href":"https:\/\/camaleoparty.ch\/de\/wp-json\/wp\/v2\/product_cat?post=26642"},{"taxonomy":"product_tag","embeddable":true,"href":"https:\/\/camaleoparty.ch\/de\/wp-json\/wp\/v2\/product_tag?post=26642"}],"curies":[{"name":"wp","href":"https:\/\/api.w.org\/{rel}","templated":true}]}}