{"id":26571,"date":"2019-02-27T14:57:00","date_gmt":"2019-02-27T13:59:02","guid":{"rendered":"https:\/\/pikasworld.ch\/?post_type=product&#038;p=26571"},"modified":"2024-11-08T14:09:08","modified_gmt":"2024-11-08T13:09:08","slug":"stern-pappteller-rosegold","status":"publish","type":"product","link":"https:\/\/camaleoparty.ch\/de\/produkt\/stern-pappteller-rosegold\/","title":{"rendered":"Stern Pappteller rosegold"},"content":{"rendered":"<p>Wunderbar f\u00fcr die Party ganz kleiner oder ganz gro\u00dfer Stars: Ros\u00e9goldene Pappteller in Sternenform!<\/p>\n<p>Die originellen Pappteller sind mit ros\u00e9goldener Folie \u00fcberzogen und gl\u00e4nzen fantastisch auf Ihrem Partytisch.<\/p>\n<p>Gr\u00f6\u00dfe: 26 x 25 cm<\/p>\n<p>Inhalt: 8 St\u00fcck<\/p>\n","protected":false},"excerpt":{"rendered":"<p>Wunderbar f\u00fcr die Party ganz kleiner oder ganz gro\u00dfer Stars: Ros\u00e9goldene Pappteller in Sternenform!<\/p>\n<p>Die originellen Pappteller sind mit ros\u00e9goldener Folie \u00fcberzogen und gl\u00e4nzen fantastisch auf Ihrem Partytisch.<\/p>\n<p>Gr\u00f6\u00dfe: 26 x 25 cm<\/p>\n<p>Inhalt: 8 St\u00fcck<\/p>\n","protected":false},"featured_media":26569,"comment_status":"open","ping_status":"closed","template":"","meta":[],"product_cat":[185,181,149,147,193,340],"product_tag":[],"class_list":{"0":"post-26571","1":"product","2":"type-product","3":"status-publish","4":"has-post-thumbnail","6":"product_cat-baby-shower-de","7":"product_cat-saisonal","8":"product_cat-teller","9":"product_cat-verjaardags-en-feesttafelversieringen","10":"product_cat-weihnachten","11":"product_cat-weltraum","13":"first","14":"instock","15":"sale","16":"taxable","17":"shipping-taxable","18":"purchasable","19":"product-type-simple"},"_links":{"self":[{"href":"https:\/\/camaleoparty.ch\/de\/wp-json\/wp\/v2\/product\/26571","targetHints":{"allow":["GET"]}}],"collection":[{"href":"https:\/\/camaleoparty.ch\/de\/wp-json\/wp\/v2\/product"}],"about":[{"href":"https:\/\/camaleoparty.ch\/de\/wp-json\/wp\/v2\/types\/product"}],"replies":[{"embeddable":true,"href":"https:\/\/camaleoparty.ch\/de\/wp-json\/wp\/v2\/comments?post=26571"}],"wp:featuredmedia":[{"embeddable":true,"href":"https:\/\/camaleoparty.ch\/de\/wp-json\/wp\/v2\/media\/26569"}],"wp:attachment":[{"href":"https:\/\/camaleoparty.ch\/de\/wp-json\/wp\/v2\/media?parent=26571"}],"wp:term":[{"taxonomy":"product_cat","embeddable":true,"href":"https:\/\/camaleoparty.ch\/de\/wp-json\/wp\/v2\/product_cat?post=26571"},{"taxonomy":"product_tag","embeddable":true,"href":"https:\/\/camaleoparty.ch\/de\/wp-json\/wp\/v2\/product_tag?post=26571"}],"curies":[{"name":"wp","href":"https:\/\/api.w.org\/{rel}","templated":true}]}}