{"id":26535,"date":"2019-02-26T21:01:56","date_gmt":"2019-02-26T20:04:09","guid":{"rendered":"https:\/\/pikasworld.ch\/?post_type=product&#038;p=26535"},"modified":"2024-11-08T14:09:18","modified_gmt":"2024-11-08T13:09:18","slug":"ballon-i-believe-in-unicorns","status":"publish","type":"product","link":"https:\/\/camaleoparty.ch\/de\/produkt\/ballon-i-believe-in-unicorns\/","title":{"rendered":"Ballon I believe in Unicorns"},"content":{"rendered":"<p>Wer glaubt heutzutage schon nicht an Einh\u00f6rner? Teilen Sie Ihre \u00dcberzeugung mit den gro\u00dfartigen \u201eI believe in unicorns\u201c Konfettiballons auch Ihren Partyg\u00e4sten mit und dekorieren Sie passend zum absoluten Trend-Motto Einhorn.<\/p>\n<p>Die transparenten Latex-Luftballons sind gef\u00fcllt mit buntem Konfetti aus Seidenpapier, die teilweise irisierend schillern.<\/p>\n<p>Tipp: Durch statische Aufladung, z.B. durch Reibung an Kleidung, verteilt sich das Konfetti im Inneren des aufgeblasenen Ballons und bleibt dekorativ an der Ballonh\u00fclle haften.<\/p>\n<p>F\u00fcr Heliumf\u00fcllung (Ballongas) und Luft geeignet.<\/p>\n<p>Durchmesser: 30 cm<\/p>\n<p>Inhalt: 5 St\u00fcck<\/p>\n","protected":false},"excerpt":{"rendered":"<p>Wer glaubt heutzutage schon nicht an Einh\u00f6rner? Teilen Sie Ihre \u00dcberzeugung mit den gro\u00dfartigen \u201eI believe in unicorns\u201c Konfettiballons auch Ihren Partyg\u00e4sten mit und dekorieren Sie passend zum absoluten Trend-Motto Einhorn.<\/p>\n","protected":false},"featured_media":26533,"comment_status":"open","ping_status":"closed","template":"","meta":[],"product_cat":[165,163,221,555],"product_tag":[],"class_list":{"0":"post-26535","1":"product","2":"type-product","3":"status-publish","4":"has-post-thumbnail","6":"product_cat-ballone","7":"product_cat-dekoration","8":"product_cat-einhorn","9":"product_cat-sale-de-2","11":"first","12":"instock","13":"sale","14":"taxable","15":"shipping-taxable","16":"purchasable","17":"product-type-simple"},"_links":{"self":[{"href":"https:\/\/camaleoparty.ch\/de\/wp-json\/wp\/v2\/product\/26535","targetHints":{"allow":["GET"]}}],"collection":[{"href":"https:\/\/camaleoparty.ch\/de\/wp-json\/wp\/v2\/product"}],"about":[{"href":"https:\/\/camaleoparty.ch\/de\/wp-json\/wp\/v2\/types\/product"}],"replies":[{"embeddable":true,"href":"https:\/\/camaleoparty.ch\/de\/wp-json\/wp\/v2\/comments?post=26535"}],"wp:featuredmedia":[{"embeddable":true,"href":"https:\/\/camaleoparty.ch\/de\/wp-json\/wp\/v2\/media\/26533"}],"wp:attachment":[{"href":"https:\/\/camaleoparty.ch\/de\/wp-json\/wp\/v2\/media?parent=26535"}],"wp:term":[{"taxonomy":"product_cat","embeddable":true,"href":"https:\/\/camaleoparty.ch\/de\/wp-json\/wp\/v2\/product_cat?post=26535"},{"taxonomy":"product_tag","embeddable":true,"href":"https:\/\/camaleoparty.ch\/de\/wp-json\/wp\/v2\/product_tag?post=26535"}],"curies":[{"name":"wp","href":"https:\/\/api.w.org\/{rel}","templated":true}]}}