{"id":26484,"date":"2019-02-25T12:17:10","date_gmt":"2019-02-25T11:42:20","guid":{"rendered":"https:\/\/pikasworld.ch\/?post_type=product&#038;p=26484"},"modified":"2024-11-08T14:09:21","modified_gmt":"2024-11-08T13:09:21","slug":"maxi-konfettis-ballons-pastel","status":"publish","type":"product","link":"https:\/\/camaleoparty.ch\/de\/produkt\/maxi-konfettis-ballons-pastel\/","title":{"rendered":"Maxi Konfettis Ballons Pastel"},"content":{"rendered":"<p>Dekorieren Sie Ihre Partylocation mit diesen wunderbar gro\u00dfen Luftballons, die mit pastellig buntem Konfetti gef\u00fcllt sind! Die runden Schnipsel aus Seidenpapier in den transparenten Ballons setzen wundersch\u00f6ne Farbakzente und zaubern eine fr\u00f6hliche Partydekoration.<\/p>\n<p>Durch Reiben der Ballons, beispielsweise an Ihrer Kleidung, bleibt das Konfetti an den Au\u00dfenseiten des Luftballons haften.<\/p>\n<p>Tipp: Befestigen Sie bunte Tasseln an den Luftballons f\u00fcr eine noch sch\u00f6nere und verspielte Dekoration! Ballontasseln in verschiedensten Farben sind ebenfalls in unserem Shop erh\u00e4ltlich.<\/p>\n<p>F\u00fcr Helium (Ballongas) und normale Luft geeignet.<\/p>\n<p>Gr\u00f6\u00dfe: 91 cm<\/p>\n<p>Inhalt: 3 St\u00fcck<\/p>\n","protected":false},"excerpt":{"rendered":"<p>Dekorieren Sie Ihre Partylocation mit diesen wunderbar gro\u00dfen Luftballons, die mit pastellig buntem Konfetti gef\u00fcllt sind! Die runden Schnipsel aus Seidenpapier in den transparenten Ballons setzen wundersch\u00f6ne Farbakzente und zaubern eine fr\u00f6hliche Partydekoration.<\/p>\n","protected":false},"featured_media":26482,"comment_status":"open","ping_status":"closed","template":"","meta":[],"product_cat":[165,163,895,555],"product_tag":[],"class_list":{"0":"post-26484","1":"product","2":"type-product","3":"status-publish","4":"has-post-thumbnail","6":"product_cat-ballone","7":"product_cat-dekoration","8":"product_cat-lagerabbau","9":"product_cat-sale-de-2","11":"first","12":"instock","13":"sale","14":"taxable","15":"shipping-taxable","16":"purchasable","17":"product-type-simple"},"_links":{"self":[{"href":"https:\/\/camaleoparty.ch\/de\/wp-json\/wp\/v2\/product\/26484","targetHints":{"allow":["GET"]}}],"collection":[{"href":"https:\/\/camaleoparty.ch\/de\/wp-json\/wp\/v2\/product"}],"about":[{"href":"https:\/\/camaleoparty.ch\/de\/wp-json\/wp\/v2\/types\/product"}],"replies":[{"embeddable":true,"href":"https:\/\/camaleoparty.ch\/de\/wp-json\/wp\/v2\/comments?post=26484"}],"wp:featuredmedia":[{"embeddable":true,"href":"https:\/\/camaleoparty.ch\/de\/wp-json\/wp\/v2\/media\/26482"}],"wp:attachment":[{"href":"https:\/\/camaleoparty.ch\/de\/wp-json\/wp\/v2\/media?parent=26484"}],"wp:term":[{"taxonomy":"product_cat","embeddable":true,"href":"https:\/\/camaleoparty.ch\/de\/wp-json\/wp\/v2\/product_cat?post=26484"},{"taxonomy":"product_tag","embeddable":true,"href":"https:\/\/camaleoparty.ch\/de\/wp-json\/wp\/v2\/product_tag?post=26484"}],"curies":[{"name":"wp","href":"https:\/\/api.w.org\/{rel}","templated":true}]}}