{"id":26389,"date":"2019-02-21T14:48:51","date_gmt":"2019-02-21T13:50:57","guid":{"rendered":"https:\/\/pikasworld.ch\/?post_type=product&#038;p=26389"},"modified":"2024-11-08T14:09:30","modified_gmt":"2024-11-08T13:09:30","slug":"oh-baby-gaestebuch-alternative","status":"publish","type":"product","link":"https:\/\/camaleoparty.ch\/de\/produkt\/oh-baby-gaestebuch-alternative\/","title":{"rendered":"Oh Baby G\u00e4stebuch Alternative"},"content":{"rendered":"<p>Dieses s\u00fc\u00dfen Steine mit den Buchstaben &#8222;Oh Baby&#8220; sind eine Alternative zu einem gew\u00f6hnlichen G\u00e4stebuch auf einer Babyparty. Auf die Steine k\u00f6nnen einfach kurze liebe Worte geschrieben werden oder die G\u00e4ste der Babyparty unterschreiben einfach mit ihrem Namen.<\/p>\n<p>Die Steine kann man sp\u00e4ter wunderbar als Deko im Kinderzimmer dekorieren<\/p>\n<p>Es wird ein Set mit 6 Steinen geliefert<\/p>\n<p>Gr\u00f6\u00dfe pro Stein 6 x 6 cm<\/p>\n","protected":false},"excerpt":{"rendered":"<p>Dieses s\u00fc\u00dfen Steine mit den Buchstaben &#8222;Oh Baby&#8220; sind eine Alternative zu einem gew\u00f6hnlichen G\u00e4stebuch auf einer Babyparty. Auf die Steine k\u00f6nnen einfach kurze liebe Worte geschrieben werden oder die G\u00e4ste der Babyparty unterschreiben einfach mit ihrem Namen.<\/p>\n<p>Die Steine kann man sp\u00e4ter wunderbar als Deko im Kinderzimmer dekorieren<\/p>\n<p>Es wird ein Set mit 6 Steinen geliefert<\/p>\n<p>Gr\u00f6\u00dfe pro Stein 6 x 6 cm<\/p>\n","protected":false},"featured_media":26387,"comment_status":"open","ping_status":"closed","template":"","meta":[],"product_cat":[132,185,403,854,199,181],"product_tag":[],"class_list":{"0":"post-26389","1":"product","2":"type-product","3":"status-publish","4":"has-post-thumbnail","6":"product_cat-animationen","7":"product_cat-baby-shower-de","8":"product_cat-gaestebuch","9":"product_cat-gaestebuch-de","10":"product_cat-papierwaren","11":"product_cat-saisonal","13":"first","14":"instock","15":"taxable","16":"shipping-taxable","17":"purchasable","18":"product-type-simple"},"_links":{"self":[{"href":"https:\/\/camaleoparty.ch\/de\/wp-json\/wp\/v2\/product\/26389","targetHints":{"allow":["GET"]}}],"collection":[{"href":"https:\/\/camaleoparty.ch\/de\/wp-json\/wp\/v2\/product"}],"about":[{"href":"https:\/\/camaleoparty.ch\/de\/wp-json\/wp\/v2\/types\/product"}],"replies":[{"embeddable":true,"href":"https:\/\/camaleoparty.ch\/de\/wp-json\/wp\/v2\/comments?post=26389"}],"wp:featuredmedia":[{"embeddable":true,"href":"https:\/\/camaleoparty.ch\/de\/wp-json\/wp\/v2\/media\/26387"}],"wp:attachment":[{"href":"https:\/\/camaleoparty.ch\/de\/wp-json\/wp\/v2\/media?parent=26389"}],"wp:term":[{"taxonomy":"product_cat","embeddable":true,"href":"https:\/\/camaleoparty.ch\/de\/wp-json\/wp\/v2\/product_cat?post=26389"},{"taxonomy":"product_tag","embeddable":true,"href":"https:\/\/camaleoparty.ch\/de\/wp-json\/wp\/v2\/product_tag?post=26389"}],"curies":[{"name":"wp","href":"https:\/\/api.w.org\/{rel}","templated":true}]}}