{"id":26383,"date":"2019-02-21T14:08:04","date_gmt":"2019-02-21T13:21:53","guid":{"rendered":"https:\/\/pikasworld.ch\/?post_type=product&#038;p=26383"},"modified":"2024-11-08T14:09:31","modified_gmt":"2024-11-08T13:09:31","slug":"hello-world-konfetti","status":"publish","type":"product","link":"https:\/\/camaleoparty.ch\/de\/produkt\/hello-world-konfetti\/","title":{"rendered":"Hello World Konfetti"},"content":{"rendered":"<p>S\u00fc\u00dfes Konfetti aus der Hello World Kollektion. Sie k\u00f6nnen blitzschnell damit den Tisch wundervolle dekorieren.<\/p>\n<p>Menge ca. 14g<\/p>\n<p>Farbe rosegold &#8211; weiss<\/p>\n<p>Gr\u00f6\u00dfe ca. 2 x 2 cm<\/p>\n","protected":false},"excerpt":{"rendered":"<p>S\u00fc\u00dfes Konfetti aus der Hello World Kollektion. Sie k\u00f6nnen blitzschnell damit den Tisch wundervolle dekorieren.<\/p>\n<p>Menge ca. 14g<\/p>\n<p>Farbe rosegold &#8211; weiss<\/p>\n<p>Gr\u00f6\u00dfe ca. 2 x 2 cm<\/p>\n","protected":false},"featured_media":26381,"comment_status":"open","ping_status":"closed","template":"","meta":[],"product_cat":[185,163,385,171,895,181,631],"product_tag":[],"class_list":{"0":"post-26383","1":"product","2":"type-product","3":"status-publish","4":"has-post-thumbnail","6":"product_cat-baby-shower-de","7":"product_cat-dekoration","8":"product_cat-gender-reveal-party-de","9":"product_cat-konfetti","10":"product_cat-lagerabbau","11":"product_cat-saisonal","12":"product_cat-tischkonfetti","14":"first","15":"instock","16":"sale","17":"taxable","18":"shipping-taxable","19":"purchasable","20":"product-type-simple"},"_links":{"self":[{"href":"https:\/\/camaleoparty.ch\/de\/wp-json\/wp\/v2\/product\/26383","targetHints":{"allow":["GET"]}}],"collection":[{"href":"https:\/\/camaleoparty.ch\/de\/wp-json\/wp\/v2\/product"}],"about":[{"href":"https:\/\/camaleoparty.ch\/de\/wp-json\/wp\/v2\/types\/product"}],"replies":[{"embeddable":true,"href":"https:\/\/camaleoparty.ch\/de\/wp-json\/wp\/v2\/comments?post=26383"}],"wp:featuredmedia":[{"embeddable":true,"href":"https:\/\/camaleoparty.ch\/de\/wp-json\/wp\/v2\/media\/26381"}],"wp:attachment":[{"href":"https:\/\/camaleoparty.ch\/de\/wp-json\/wp\/v2\/media?parent=26383"}],"wp:term":[{"taxonomy":"product_cat","embeddable":true,"href":"https:\/\/camaleoparty.ch\/de\/wp-json\/wp\/v2\/product_cat?post=26383"},{"taxonomy":"product_tag","embeddable":true,"href":"https:\/\/camaleoparty.ch\/de\/wp-json\/wp\/v2\/product_tag?post=26383"}],"curies":[{"name":"wp","href":"https:\/\/api.w.org\/{rel}","templated":true}]}}