{"id":26377,"date":"2019-02-21T13:49:00","date_gmt":"2019-02-21T12:53:30","guid":{"rendered":"https:\/\/pikasworld.ch\/?post_type=product&#038;p=26377"},"modified":"2024-11-08T14:09:34","modified_gmt":"2024-11-08T13:09:34","slug":"hello-world-cupcake-topper","status":"publish","type":"product","link":"https:\/\/camaleoparty.ch\/de\/produkt\/hello-world-cupcake-topper\/","title":{"rendered":"Hello World Cupcake topper"},"content":{"rendered":"<p>Wundersch\u00f6ne Cupcake Topper um Muffins oder Cupcakes f\u00fcr eine Babyparty toll zu dekorieren.<\/p>\n<p>Die Muffinsf\u00f6rmchen sind in Form einer Wolke mit dem Spruch &#8222;Hello World&#8220; und haben ein s\u00fc\u00dfe Papiertassel bzw F\u00e4hnchen in mint<\/p>\n<p>Es wird ein Set mit 10 Toppern geliefert.<\/p>\n<p>Gr\u00f6\u00dfe ca. 6 x 11 cm<\/p>\n","protected":false},"excerpt":{"rendered":"<p>Wundersch\u00f6ne Cupcake Topper um Muffins oder Cupcakes f\u00fcr eine Babyparty toll zu dekorieren.<\/p>\n<p>Die Muffinsf\u00f6rmchen sind in Form einer Wolke mit dem Spruch &#8222;Hello World&#8220; und haben ein s\u00fc\u00dfe Papiertassel bzw F\u00e4hnchen in mint<\/p>\n<p>Es wird ein Set mit 10 Toppern geliefert.<\/p>\n<p>Gr\u00f6\u00dfe ca. 6 x 11 cm<\/p>\n","protected":false},"featured_media":26375,"comment_status":"open","ping_status":"closed","template":"","meta":[],"product_cat":[151,330,181],"product_tag":[],"class_list":{"0":"post-26377","1":"product","2":"type-product","3":"status-publish","4":"has-post-thumbnail","6":"product_cat-cake-toppers-de","7":"product_cat-cupcakes-de","8":"product_cat-saisonal","10":"first","11":"instock","12":"sale","13":"taxable","14":"shipping-taxable","15":"purchasable","16":"product-type-simple"},"_links":{"self":[{"href":"https:\/\/camaleoparty.ch\/de\/wp-json\/wp\/v2\/product\/26377","targetHints":{"allow":["GET"]}}],"collection":[{"href":"https:\/\/camaleoparty.ch\/de\/wp-json\/wp\/v2\/product"}],"about":[{"href":"https:\/\/camaleoparty.ch\/de\/wp-json\/wp\/v2\/types\/product"}],"replies":[{"embeddable":true,"href":"https:\/\/camaleoparty.ch\/de\/wp-json\/wp\/v2\/comments?post=26377"}],"wp:featuredmedia":[{"embeddable":true,"href":"https:\/\/camaleoparty.ch\/de\/wp-json\/wp\/v2\/media\/26375"}],"wp:attachment":[{"href":"https:\/\/camaleoparty.ch\/de\/wp-json\/wp\/v2\/media?parent=26377"}],"wp:term":[{"taxonomy":"product_cat","embeddable":true,"href":"https:\/\/camaleoparty.ch\/de\/wp-json\/wp\/v2\/product_cat?post=26377"},{"taxonomy":"product_tag","embeddable":true,"href":"https:\/\/camaleoparty.ch\/de\/wp-json\/wp\/v2\/product_tag?post=26377"}],"curies":[{"name":"wp","href":"https:\/\/api.w.org\/{rel}","templated":true}]}}