{"id":26075,"date":"2019-02-04T16:51:51","date_gmt":"2019-02-04T15:54:40","guid":{"rendered":"https:\/\/pikasworld.ch\/?post_type=product&#038;p=26075"},"modified":"2024-11-08T14:09:58","modified_gmt":"2024-11-08T13:09:58","slug":"pappbecher-hase-pastel","status":"publish","type":"product","link":"https:\/\/camaleoparty.ch\/de\/produkt\/pappbecher-hase-pastel\/","title":{"rendered":"Pappbecher Hase Pastel"},"content":{"rendered":"<p>Meri Meri Party Pappbecher HASE. Besonders niedliche Pappbecher mit abnehmbarer H\u00fclle, die die mintfarbenen Becher im Nu in s\u00fc\u00dfe H\u00e4schen verzaubert. Die H\u00e4schen haben zuckers\u00fc\u00dfe Gesichtchen und extralange Ohren! F\u00fcr hei\u00dfe uns kalte Getr\u00e4nke gut geeignet. Enth\u00e4lt 12 Becher plus 12 Hasenh\u00fcllen in 3 Farben. Fassungsverm\u00f6gen: 260 ml.<\/p>\n","protected":false},"excerpt":{"rendered":"<p>Meri Meri Party Pappbecher HASE. Besonders niedliche Pappbecher mit abnehmbarer H\u00fclle, die die mintfarbenen Becher im Nu in s\u00fc\u00dfe H\u00e4schen verzaubert. Die H\u00e4schen haben zuckers\u00fc\u00dfe Gesichtchen und extralange Ohren! F\u00fcr hei\u00dfe uns kalte Getr\u00e4nke gut geeignet. Enth\u00e4lt 12 Becher plus 12 Hasenh\u00fcllen in 3 Farben. Fassungsverm\u00f6gen: 260 ml.<\/p>\n","protected":false},"featured_media":26073,"comment_status":"open","ping_status":"closed","template":"","meta":[],"product_cat":[157,554,820,195,181,147],"product_tag":[],"class_list":{"0":"post-26075","1":"product","2":"type-product","3":"status-publish","4":"has-post-thumbnail","6":"product_cat-becher","7":"product_cat-fruhling","8":"product_cat-kaninchen","9":"product_cat-ostern","10":"product_cat-saisonal","11":"product_cat-verjaardags-en-feesttafelversieringen","13":"first","14":"instock","15":"sale","16":"featured","17":"taxable","18":"shipping-taxable","19":"purchasable","20":"product-type-simple"},"_links":{"self":[{"href":"https:\/\/camaleoparty.ch\/de\/wp-json\/wp\/v2\/product\/26075","targetHints":{"allow":["GET"]}}],"collection":[{"href":"https:\/\/camaleoparty.ch\/de\/wp-json\/wp\/v2\/product"}],"about":[{"href":"https:\/\/camaleoparty.ch\/de\/wp-json\/wp\/v2\/types\/product"}],"replies":[{"embeddable":true,"href":"https:\/\/camaleoparty.ch\/de\/wp-json\/wp\/v2\/comments?post=26075"}],"wp:featuredmedia":[{"embeddable":true,"href":"https:\/\/camaleoparty.ch\/de\/wp-json\/wp\/v2\/media\/26073"}],"wp:attachment":[{"href":"https:\/\/camaleoparty.ch\/de\/wp-json\/wp\/v2\/media?parent=26075"}],"wp:term":[{"taxonomy":"product_cat","embeddable":true,"href":"https:\/\/camaleoparty.ch\/de\/wp-json\/wp\/v2\/product_cat?post=26075"},{"taxonomy":"product_tag","embeddable":true,"href":"https:\/\/camaleoparty.ch\/de\/wp-json\/wp\/v2\/product_tag?post=26075"}],"curies":[{"name":"wp","href":"https:\/\/api.w.org\/{rel}","templated":true}]}}